{"id":433,"date":"2016-07-29T12:11:55","date_gmt":"2016-07-29T10:11:55","guid":{"rendered":"http:\/\/www.campingadria.com\/pagina-di-esempio\/"},"modified":"2024-03-01T10:11:00","modified_gmt":"2024-03-01T09:11:00","slug":"pagina-di-esempio","status":"publish","type":"page","link":"https:\/\/www.campingadria.com\/fr\/","title":{"rendered":"Vous voulez un s\u00e9jour en  camping? Bienvenue en Romagne! Ouverture 2024: jeudi 28\u00a0mars"},"content":{"rendered":"<h2>Nous vous attendons \u00e0 Riccione directement en bord de mer!<\/h2>\n<p>Depuis de nombreuses ann\u00e9es, nous accueillons les clients qui veulent se d\u00e9tendre en toute libert\u00e9, mais sans sacrifier le confort des nombreux services que vous pouvez et devez avoir si vous choisissez un camping ! Notre mission est de vous rendre heureux, notre devise :<strong> #votrebonheurestlenotre<\/strong><\/p>\n<p><strong>Porta con te:<br \/>\n<\/strong><\/p>\n<ul>\n<li>Vous d\u00e9sirez \u00eatre libres<\/li>\n<li>Vous voulez vous amuser<\/li>\n<li>Vous voulez profiter d&rsquo;un s\u00e9jour relaxant<\/li>\n<\/ul>\n<p><strong>Nous vous accueillerons avec :<\/strong><\/p>\n<ul>\n<li>Un sourire, typiquement Romagnolo, Nous sommes de vrais romagnoli<\/li>\n<li><strong>100 000 m \u00b2 de terrain plat herbag\u00e9<\/strong> et ombrag\u00e9.<\/li>\n<li>Mini-club et Club \u2013junior pour les enfants qui peuvent s\u2019amuser en compagnie<strong> d&rsquo;animateurs professionnels<\/strong><\/li>\n<li>Une aire de jeux, oasis de plaisir immerg\u00e9 dans un cadre verdoyant.<\/li>\n<li>De nombreux moments de loisirs et soir\u00e9es \u00e0 th\u00e8me aussi pour les adultes<\/li>\n<li>Confort pour vos amis \u00e0 4 pattes,<strong> notre camping est respectueux des animaux<\/strong><\/li>\n<\/ul>\n<p><strong>Et encore&#8230;<\/strong><\/p>\n<ul>\n<li>La mer \u00e0 deux pas, nous sommes situ\u00e9s<strong> au bord de la plage de Riccione.<\/strong><\/li>\n<li>Viale Ceccarini et Viale Dante sont \u00e0 quelques minutes en v\u00e9lo, si vous aimez faire du shopping, vous ne pouvez pas renoncer!<\/li>\n<li>Et si vous voulez \u00eatre choy\u00e9 par des mains habiles,<strong> les termes de Riccione sont \u00e0 seulement 300 m\u00e8tres du camping.<\/strong><\/li>\n<\/ul>\n<p><strong>Venez nous rendre visite , Voici ce que l\u2019on dit de nous\u00a0:\u00a0<\/strong>\u00ab\u00a0&#8230; <em>\u00ab\u00a0Nous y avons s\u00e9journ\u00e9 4 jours c&rsquo;\u00e9tait tr\u00e8s beau, tr\u00e8s bien servi ,et tous les services, douches et toilettes tr\u00e8s propres, restaurant tr\u00e8s bon, personnel tr\u00e8s sympathique et serviable&#8230; nous reviendrons certainement&#8230;\u00a0\u00bb<\/em> <strong>[par Trip Advisor]<br \/>\n<\/strong><\/p>\n<p><strong>Qu\u2019en dites vous\u00a0?&#8230; voulez-vous \u00eatre heureux? Nous nous r\u00e9jouissons de votre venue au camping Adria,, nous sommes certains que vous passerez d\u2019agr\u00e9ables vacances !<\/strong><\/p>\n","protected":false},"excerpt":{"rendered":"<p>Nous vous attendons \u00e0 Riccione directement en bord de mer! Depuis de nombreuses ann\u00e9es, nous accueillons les clients qui veulent se d\u00e9tendre en toute libert\u00e9, mais sans sacrifier le confort des nombreux services que vous pouvez et devez avoir si vous choisissez un camping ! Notre mission est de vous rendre heureux, notre devise : #votrebonheurestlenotre Porta con te: Vous d\u00e9sirez \u00eatre libres Vous voulez vous amuser Vous voulez profiter &#8230;<\/p>\n","protected":false},"author":1,"featured_media":684,"parent":0,"menu_order":128,"comment_status":"closed","ping_status":"open","template":"","meta":{"_acf_changed":false},"class_list":["post-433","page","type-page","status-publish","has-post-thumbnail","hentry"],"acf":[],"_links":{"self":[{"href":"https:\/\/www.campingadria.com\/fr\/wp-json\/wp\/v2\/pages\/433","targetHints":{"allow":["GET"]}}],"collection":[{"href":"https:\/\/www.campingadria.com\/fr\/wp-json\/wp\/v2\/pages"}],"about":[{"href":"https:\/\/www.campingadria.com\/fr\/wp-json\/wp\/v2\/types\/page"}],"author":[{"embeddable":true,"href":"https:\/\/www.campingadria.com\/fr\/wp-json\/wp\/v2\/users\/1"}],"replies":[{"embeddable":true,"href":"https:\/\/www.campingadria.com\/fr\/wp-json\/wp\/v2\/comments?post=433"}],"version-history":[{"count":0,"href":"https:\/\/www.campingadria.com\/fr\/wp-json\/wp\/v2\/pages\/433\/revisions"}],"wp:featuredmedia":[{"embeddable":true,"href":"https:\/\/www.campingadria.com\/fr\/wp-json\/wp\/v2\/media\/684"}],"wp:attachment":[{"href":"https:\/\/www.campingadria.com\/fr\/wp-json\/wp\/v2\/media?parent=433"}],"curies":[{"name":"wp","href":"https:\/\/api.w.org\/{rel}","templated":true}]}}