{"id":1974,"date":"2019-09-08T09:31:20","date_gmt":"2019-09-08T07:31:20","guid":{"rendered":"http:\/\/www.campingadria.com\/il-camping-adria-sposa-la-vacanza-in-bicicletta\/"},"modified":"2019-12-21T17:08:42","modified_gmt":"2019-12-21T16:08:42","slug":"il-camping-adria-sposa-la-vacanza-in-bicicletta","status":"publish","type":"page","link":"https:\/\/www.campingadria.com\/fr\/il-camping-adria-sposa-la-vacanza-in-bicicletta\/","title":{"rendered":"Le camping Adria \u00ab\u00a0\u00e9pouse\u00a0\u00bb les vacances \u00e0 v\u00e9lo"},"content":{"rendered":"<h2>D\u00e9couvrez la c\u00f4te adriatique et l&rsquo;arri\u00e8re-pays romagnole \u00e0 bicyclette.. c&rsquo;est une terre riche en nature et en \u00e9motions.<\/h2>\n<p>Chaque jour, vous pouvez partir du camping Adria pour une nouvelle visite fantastique de la Romagne.<br \/>\nDans notre camping, vous trouverez des indications , un guide cycliste, des cartes avec les meilleurs itin\u00e9raires de la r\u00e9gion . En cas de besoin des outils de premi\u00e8re .n\u00e9cessit\u00e9 sont \u00e0 votre disposition.<\/p>\n<p>Un \u00e9cotariff sp\u00e9cial pour ceux qui aiment vivre en contact \u00e9troit avec la nature.<br \/>\n1 personne + \u00ab\u00a0tente\u00a0\u00bb (pas d&rsquo;\u00e9lectricit\u00e9) + v\u00e9lo + wi-fi + douches chaudes<br \/>\nSous r\u00e9serve de disponibilit\u00e9<\/p>\n<p>&nbsp;<\/p>\n<p>&nbsp;<\/p>\n<div id='gallery-1' class='gallery galleryid-1974 gallery-columns-3 gallery-size-thumbnail'><figure class='gallery-item'>\n\t\t\t<div class='gallery-icon landscape'>\n\t\t\t\t<a href='https:\/\/www.campingadria.com\/fr\/il-camping-adria-sposa-la-vacanza-in-bicicletta\/bici-tenda-2\/' data-size=\"540x405\"><img loading=\"lazy\" decoding=\"async\" width=\"300\" height=\"300\" src=\"https:\/\/www.campingadria.com\/wp-content\/uploads\/2019\/09\/bici-tenda-300x300.jpg\" class=\"attachment-thumbnail size-thumbnail\" alt=\"\" \/><\/a>\n\t\t\t<\/div><\/figure><figure class='gallery-item'>\n\t\t\t<div class='gallery-icon landscape'>\n\t\t\t\t<a href='https:\/\/www.campingadria.com\/fr\/slide-bikers-02-camping-adria-riccione-2\/' data-size=\"1800x1080\"><img loading=\"lazy\" decoding=\"async\" width=\"300\" height=\"300\" src=\"https:\/\/www.campingadria.com\/wp-content\/uploads\/2018\/01\/Slide-Bikers-02-Camping-Adria-Riccione-300x300.jpg\" class=\"attachment-thumbnail size-thumbnail\" alt=\"\" \/><\/a>\n\t\t\t<\/div><\/figure><figure class='gallery-item'>\n\t\t\t<div class='gallery-icon landscape'>\n\t\t\t\t<a href='https:\/\/www.campingadria.com\/fr\/galerie-photo\/gallery-01-camping-adria-riccione-2\/' data-size=\"800x500\"><img loading=\"lazy\" decoding=\"async\" width=\"300\" height=\"300\" src=\"https:\/\/www.campingadria.com\/wp-content\/uploads\/2018\/01\/Gallery-01-Camping-Adria-Riccione-300x300.jpg\" class=\"attachment-thumbnail size-thumbnail\" alt=\"\" \/><\/a>\n\t\t\t<\/div><\/figure>\n\t\t<\/div>\n\n","protected":false},"excerpt":{"rendered":"<p>D\u00e9couvrez la c\u00f4te adriatique et l&rsquo;arri\u00e8re-pays romagnole \u00e0 bicyclette.. c&rsquo;est une terre riche en nature et en \u00e9motions. Chaque jour, vous pouvez partir du camping Adria pour une nouvelle visite fantastique de la Romagne. Dans notre camping, vous trouverez des indications , un guide cycliste, des cartes avec les meilleurs itin\u00e9raires de la r\u00e9gion . En cas de besoin des outils de premi\u00e8re .n\u00e9cessit\u00e9 sont \u00e0 votre disposition. Un \u00e9cotariff &#8230;<\/p>\n","protected":false},"author":4,"featured_media":0,"parent":0,"menu_order":13,"comment_status":"closed","ping_status":"closed","template":"","meta":{"_acf_changed":false},"class_list":["post-1974","page","type-page","status-publish","hentry"],"acf":[],"_links":{"self":[{"href":"https:\/\/www.campingadria.com\/fr\/wp-json\/wp\/v2\/pages\/1974","targetHints":{"allow":["GET"]}}],"collection":[{"href":"https:\/\/www.campingadria.com\/fr\/wp-json\/wp\/v2\/pages"}],"about":[{"href":"https:\/\/www.campingadria.com\/fr\/wp-json\/wp\/v2\/types\/page"}],"author":[{"embeddable":true,"href":"https:\/\/www.campingadria.com\/fr\/wp-json\/wp\/v2\/users\/4"}],"replies":[{"embeddable":true,"href":"https:\/\/www.campingadria.com\/fr\/wp-json\/wp\/v2\/comments?post=1974"}],"version-history":[{"count":0,"href":"https:\/\/www.campingadria.com\/fr\/wp-json\/wp\/v2\/pages\/1974\/revisions"}],"wp:attachment":[{"href":"https:\/\/www.campingadria.com\/fr\/wp-json\/wp\/v2\/media?parent=1974"}],"curies":[{"name":"wp","href":"https:\/\/api.w.org\/{rel}","templated":true}]}}