{"id":1608,"date":"2018-12-19T12:34:31","date_gmt":"2018-12-19T11:34:31","guid":{"rendered":"http:\/\/www.campingadria.com\/vacanza-romagna-campeggi\/"},"modified":"2019-01-27T15:28:58","modified_gmt":"2019-01-27T14:28:58","slug":"camping-de-vacances-en-romagne","status":"publish","type":"page","link":"https:\/\/www.campingadria.com\/fr\/camping-de-vacances-en-romagne\/","title":{"rendered":"Venez d\u00e9couvrir"},"content":{"rendered":"<p><strong>Curiosit\u00e9s, une incroyable r\u00e9gion, raisons de r\u00e9server vos vacances en camping \u00e0 Riccione. Nous nous soucions de rendre votre s\u00e9jour \u00a0unique!<\/strong><\/p>\n","protected":false},"excerpt":{"rendered":"<p>Curiosit\u00e9s, une incroyable r\u00e9gion, raisons de r\u00e9server vos vacances en camping \u00e0 Riccione. Nous nous soucions de rendre votre s\u00e9jour \u00a0unique!<\/p>\n","protected":false},"author":1,"featured_media":0,"parent":0,"menu_order":139,"comment_status":"closed","ping_status":"closed","template":"template\/template.riepilogo-curiosita.php","meta":{"_acf_changed":false},"class_list":["post-1608","page","type-page","status-publish","hentry"],"acf":[],"_links":{"self":[{"href":"https:\/\/www.campingadria.com\/fr\/wp-json\/wp\/v2\/pages\/1608","targetHints":{"allow":["GET"]}}],"collection":[{"href":"https:\/\/www.campingadria.com\/fr\/wp-json\/wp\/v2\/pages"}],"about":[{"href":"https:\/\/www.campingadria.com\/fr\/wp-json\/wp\/v2\/types\/page"}],"author":[{"embeddable":true,"href":"https:\/\/www.campingadria.com\/fr\/wp-json\/wp\/v2\/users\/1"}],"replies":[{"embeddable":true,"href":"https:\/\/www.campingadria.com\/fr\/wp-json\/wp\/v2\/comments?post=1608"}],"version-history":[{"count":0,"href":"https:\/\/www.campingadria.com\/fr\/wp-json\/wp\/v2\/pages\/1608\/revisions"}],"wp:attachment":[{"href":"https:\/\/www.campingadria.com\/fr\/wp-json\/wp\/v2\/media?parent=1608"}],"curies":[{"name":"wp","href":"https:\/\/api.w.org\/{rel}","templated":true}]}}