{"id":1597,"date":"2018-01-02T12:35:16","date_gmt":"2018-01-02T11:35:16","guid":{"rendered":"http:\/\/www.campingadria.com\/foto-gallery\/"},"modified":"2019-01-25T11:24:39","modified_gmt":"2019-01-25T10:24:39","slug":"galerie-photo","status":"publish","type":"page","link":"https:\/\/www.campingadria.com\/fr\/galerie-photo\/","title":{"rendered":"Galerie photo"},"content":{"rendered":"<h2>Alcune immagini del Camping Adria di Riccione<\/h2>\n<p><strong>Vacances en libert\u00e9 \u00e0 Riccione.<\/strong>\u00a0Espaces ombrag\u00e9s et en contact avec la nature<\/p>\n<div id='gallery-1' class='gallery galleryid-1597 gallery-columns-3 gallery-size-medium'><figure class='gallery-item'>\n\t\t\t<div class='gallery-icon landscape'>\n\t\t\t\t<a href='https:\/\/www.campingadria.com\/wp-content\/uploads\/2018\/01\/Gallery-01-Camping-Adria-Riccione.jpg' data-size=\"800x500\"><img loading=\"lazy\" decoding=\"async\" width=\"640\" height=\"420\" src=\"https:\/\/www.campingadria.com\/wp-content\/uploads\/2018\/01\/Gallery-01-Camping-Adria-Riccione-640x420.jpg\" class=\"attachment-medium size-medium\" alt=\"\" \/><\/a>\n\t\t\t<\/div><\/figure><figure class='gallery-item'>\n\t\t\t<div class='gallery-icon landscape'>\n\t\t\t\t<a href='https:\/\/www.campingadria.com\/wp-content\/uploads\/2018\/01\/Gallery-02-Camping-Adria-Riccione.jpg' data-size=\"800x500\"><img loading=\"lazy\" decoding=\"async\" width=\"640\" height=\"420\" src=\"https:\/\/www.campingadria.com\/wp-content\/uploads\/2018\/01\/Gallery-02-Camping-Adria-Riccione-640x420.jpg\" class=\"attachment-medium size-medium\" alt=\"\" \/><\/a>\n\t\t\t<\/div><\/figure><figure class='gallery-item'>\n\t\t\t<div class='gallery-icon landscape'>\n\t\t\t\t<a href='https:\/\/www.campingadria.com\/wp-content\/uploads\/2018\/01\/Gallery-03-Camping-Adria-Riccione.jpg' data-size=\"800x500\"><img loading=\"lazy\" decoding=\"async\" width=\"640\" height=\"420\" src=\"https:\/\/www.campingadria.com\/wp-content\/uploads\/2018\/01\/Gallery-03-Camping-Adria-Riccione-640x420.jpg\" class=\"attachment-medium size-medium\" alt=\"\" \/><\/a>\n\t\t\t<\/div><\/figure><figure class='gallery-item'>\n\t\t\t<div class='gallery-icon landscape'>\n\t\t\t\t<a href='https:\/\/www.campingadria.com\/wp-content\/uploads\/2018\/01\/Gallery-04-Camping-Adria-Riccione.jpg' data-size=\"800x500\"><img loading=\"lazy\" decoding=\"async\" width=\"640\" height=\"420\" src=\"https:\/\/www.campingadria.com\/wp-content\/uploads\/2018\/01\/Gallery-04-Camping-Adria-Riccione-640x420.jpg\" class=\"attachment-medium size-medium\" alt=\"\" \/><\/a>\n\t\t\t<\/div><\/figure><figure class='gallery-item'>\n\t\t\t<div class='gallery-icon landscape'>\n\t\t\t\t<a href='https:\/\/www.campingadria.com\/wp-content\/uploads\/2018\/01\/Gallery-05-Camping-Adria-Riccione.jpg' data-size=\"800x500\"><img loading=\"lazy\" decoding=\"async\" width=\"640\" height=\"420\" src=\"https:\/\/www.campingadria.com\/wp-content\/uploads\/2018\/01\/Gallery-05-Camping-Adria-Riccione-640x420.jpg\" class=\"attachment-medium size-medium\" alt=\"\" \/><\/a>\n\t\t\t<\/div><\/figure><figure class='gallery-item'>\n\t\t\t<div class='gallery-icon landscape'>\n\t\t\t\t<a href='https:\/\/www.campingadria.com\/wp-content\/uploads\/2018\/01\/Gallery-06-Camping-Adria-Riccione.jpg' data-size=\"800x500\"><img loading=\"lazy\" decoding=\"async\" width=\"640\" height=\"420\" src=\"https:\/\/www.campingadria.com\/wp-content\/uploads\/2018\/01\/Gallery-06-Camping-Adria-Riccione-640x420.jpg\" class=\"attachment-medium size-medium\" alt=\"\" \/><\/a>\n\t\t\t<\/div><\/figure><figure class='gallery-item'>\n\t\t\t<div class='gallery-icon landscape'>\n\t\t\t\t<a href='https:\/\/www.campingadria.com\/wp-content\/uploads\/2018\/01\/Gallery-07-Camping-Adria-Riccione.jpg' data-size=\"800x500\"><img loading=\"lazy\" decoding=\"async\" width=\"640\" height=\"420\" src=\"https:\/\/www.campingadria.com\/wp-content\/uploads\/2018\/01\/Gallery-07-Camping-Adria-Riccione-640x420.jpg\" class=\"attachment-medium size-medium\" alt=\"\" \/><\/a>\n\t\t\t<\/div><\/figure><figure class='gallery-item'>\n\t\t\t<div class='gallery-icon landscape'>\n\t\t\t\t<a href='https:\/\/www.campingadria.com\/wp-content\/uploads\/2018\/01\/Gallery-08-Camping-Adria-Riccione.jpg' data-size=\"800x500\"><img loading=\"lazy\" decoding=\"async\" width=\"640\" height=\"420\" src=\"https:\/\/www.campingadria.com\/wp-content\/uploads\/2018\/01\/Gallery-08-Camping-Adria-Riccione-640x420.jpg\" class=\"attachment-medium size-medium\" alt=\"\" \/><\/a>\n\t\t\t<\/div><\/figure><figure class='gallery-item'>\n\t\t\t<div class='gallery-icon landscape'>\n\t\t\t\t<a href='https:\/\/www.campingadria.com\/wp-content\/uploads\/2018\/01\/Gallery-09-Camping-Adria-Riccione.jpg' data-size=\"800x500\"><img loading=\"lazy\" decoding=\"async\" width=\"640\" height=\"420\" src=\"https:\/\/www.campingadria.com\/wp-content\/uploads\/2018\/01\/Gallery-09-Camping-Adria-Riccione-640x420.jpg\" class=\"attachment-medium size-medium\" alt=\"\" \/><\/a>\n\t\t\t<\/div><\/figure>\n\t\t<\/div>\n\n<p><strong>Des points de rafra\u00eechissement.<\/strong> A l&rsquo;int\u00e9rieur du camping supermarch\u00e9 avec gastronomie d\u00e9partement, bar, restaurant, presse, tabac et Bazar<\/p>\n<div id='gallery-2' class='gallery galleryid-1597 gallery-columns-3 gallery-size-medium'><figure class='gallery-item'>\n\t\t\t<div class='gallery-icon landscape'>\n\t\t\t\t<a href='https:\/\/www.campingadria.com\/wp-content\/uploads\/2018\/01\/Gallery-10-Camping-Adria-Riccione.jpg' data-size=\"800x500\"><img loading=\"lazy\" decoding=\"async\" width=\"640\" height=\"420\" src=\"https:\/\/www.campingadria.com\/wp-content\/uploads\/2018\/01\/Gallery-10-Camping-Adria-Riccione-640x420.jpg\" class=\"attachment-medium size-medium\" alt=\"\" \/><\/a>\n\t\t\t<\/div><\/figure><figure class='gallery-item'>\n\t\t\t<div class='gallery-icon landscape'>\n\t\t\t\t<a href='https:\/\/www.campingadria.com\/wp-content\/uploads\/2018\/01\/Gallery-11-Camping-Adria-Riccione.jpg' data-size=\"800x500\"><img loading=\"lazy\" decoding=\"async\" width=\"640\" height=\"420\" src=\"https:\/\/www.campingadria.com\/wp-content\/uploads\/2018\/01\/Gallery-11-Camping-Adria-Riccione-640x420.jpg\" class=\"attachment-medium size-medium\" alt=\"\" \/><\/a>\n\t\t\t<\/div><\/figure><figure class='gallery-item'>\n\t\t\t<div class='gallery-icon landscape'>\n\t\t\t\t<a href='https:\/\/www.campingadria.com\/wp-content\/uploads\/2018\/01\/Gallery-12-Camping-Adria-Riccione.jpg' data-size=\"800x500\"><img loading=\"lazy\" decoding=\"async\" width=\"640\" height=\"420\" src=\"https:\/\/www.campingadria.com\/wp-content\/uploads\/2018\/01\/Gallery-12-Camping-Adria-Riccione-640x420.jpg\" class=\"attachment-medium size-medium\" alt=\"\" \/><\/a>\n\t\t\t<\/div><\/figure>\n\t\t<\/div>\n\n<p><strong>Soir\u00e9es de f\u00eate.<\/strong> Le camping organise des soir\u00e9es fantastiques de musique et d\u2019amusement dans le style de la Romagne!<\/p>\n<div id='gallery-3' class='gallery galleryid-1597 gallery-columns-3 gallery-size-medium'><figure class='gallery-item'>\n\t\t\t<div class='gallery-icon landscape'>\n\t\t\t\t<a href='https:\/\/www.campingadria.com\/wp-content\/uploads\/2018\/01\/Gallery-13-Camping-Adria-Riccione.jpg' data-size=\"800x500\"><img loading=\"lazy\" decoding=\"async\" width=\"640\" height=\"420\" src=\"https:\/\/www.campingadria.com\/wp-content\/uploads\/2018\/01\/Gallery-13-Camping-Adria-Riccione-640x420.jpg\" class=\"attachment-medium size-medium\" alt=\"\" \/><\/a>\n\t\t\t<\/div><\/figure><figure class='gallery-item'>\n\t\t\t<div class='gallery-icon landscape'>\n\t\t\t\t<a href='https:\/\/www.campingadria.com\/wp-content\/uploads\/2018\/01\/Gallery-14-Camping-Adria-Riccione.jpg' data-size=\"800x500\"><img loading=\"lazy\" decoding=\"async\" width=\"640\" height=\"420\" src=\"https:\/\/www.campingadria.com\/wp-content\/uploads\/2018\/01\/Gallery-14-Camping-Adria-Riccione-640x420.jpg\" class=\"attachment-medium size-medium\" alt=\"\" \/><\/a>\n\t\t\t<\/div><\/figure><figure class='gallery-item'>\n\t\t\t<div class='gallery-icon landscape'>\n\t\t\t\t<a href='https:\/\/www.campingadria.com\/wp-content\/uploads\/2018\/01\/Gallery-15-Camping-Adria-Riccione.jpg' data-size=\"800x500\"><img loading=\"lazy\" decoding=\"async\" width=\"640\" height=\"420\" src=\"https:\/\/www.campingadria.com\/wp-content\/uploads\/2018\/01\/Gallery-15-Camping-Adria-Riccione-640x420.jpg\" class=\"attachment-medium size-medium\" alt=\"\" \/><\/a>\n\t\t\t<\/div><\/figure>\n\t\t<\/div>\n\n<p><strong>Nos amis \u00e0 quatre pattes.<\/strong> La zone de d\u00e9foulement d\u00e9di\u00e9e aux petits invit\u00e9s du camping Adria est compl\u00e8tement cl\u00f4tur\u00e9e et divis\u00e9e en petite et grande taille, pour garantir aux propri\u00e9taires de chiens et leurs fid\u00e8les amis un amusement s\u00fbr et serein.<\/p>\n<div id='gallery-4' class='gallery galleryid-1597 gallery-columns-3 gallery-size-medium'><figure class='gallery-item'>\n\t\t\t<div class='gallery-icon landscape'>\n\t\t\t\t<a href='https:\/\/www.campingadria.com\/wp-content\/uploads\/2018\/01\/Gallery-16-Camping-Adria-Riccione.jpg' data-size=\"800x500\"><img loading=\"lazy\" decoding=\"async\" width=\"640\" height=\"420\" src=\"https:\/\/www.campingadria.com\/wp-content\/uploads\/2018\/01\/Gallery-16-Camping-Adria-Riccione-640x420.jpg\" class=\"attachment-medium size-medium\" alt=\"\" \/><\/a>\n\t\t\t<\/div><\/figure><figure class='gallery-item'>\n\t\t\t<div class='gallery-icon landscape'>\n\t\t\t\t<a href='https:\/\/www.campingadria.com\/wp-content\/uploads\/2018\/01\/Gallery-17-Camping-Adria-Riccione.jpg' data-size=\"800x500\"><img loading=\"lazy\" decoding=\"async\" width=\"640\" height=\"420\" src=\"https:\/\/www.campingadria.com\/wp-content\/uploads\/2018\/01\/Gallery-17-Camping-Adria-Riccione-640x420.jpg\" class=\"attachment-medium size-medium\" alt=\"\" \/><\/a>\n\t\t\t<\/div><\/figure><figure class='gallery-item'>\n\t\t\t<div class='gallery-icon landscape'>\n\t\t\t\t<a href='https:\/\/www.campingadria.com\/wp-content\/uploads\/2018\/01\/Gallery-18-Camping-Adria-Riccione.jpg' data-size=\"800x500\"><img loading=\"lazy\" decoding=\"async\" width=\"640\" height=\"420\" src=\"https:\/\/www.campingadria.com\/wp-content\/uploads\/2018\/01\/Gallery-18-Camping-Adria-Riccione-640x420.jpg\" class=\"attachment-medium size-medium\" alt=\"\" \/><\/a>\n\t\t\t<\/div><\/figure><figure class='gallery-item'>\n\t\t\t<div class='gallery-icon landscape'>\n\t\t\t\t<a href='https:\/\/www.campingadria.com\/wp-content\/uploads\/2018\/01\/Gallery-19-Camping-Adria-Riccione.jpg' data-size=\"800x500\"><img loading=\"lazy\" decoding=\"async\" width=\"640\" height=\"420\" src=\"https:\/\/www.campingadria.com\/wp-content\/uploads\/2018\/01\/Gallery-19-Camping-Adria-Riccione-640x420.jpg\" class=\"attachment-medium size-medium\" alt=\"\" \/><\/a>\n\t\t\t<\/div><\/figure><figure class='gallery-item'>\n\t\t\t<div class='gallery-icon landscape'>\n\t\t\t\t<a href='https:\/\/www.campingadria.com\/wp-content\/uploads\/2018\/01\/Gallery-20-Camping-Adria-Riccione.jpg' data-size=\"800x500\"><img loading=\"lazy\" decoding=\"async\" width=\"640\" height=\"420\" src=\"https:\/\/www.campingadria.com\/wp-content\/uploads\/2018\/01\/Gallery-20-Camping-Adria-Riccione-640x420.jpg\" class=\"attachment-medium size-medium\" alt=\"\" \/><\/a>\n\t\t\t<\/div><\/figure><figure class='gallery-item'>\n\t\t\t<div class='gallery-icon landscape'>\n\t\t\t\t<a href='https:\/\/www.campingadria.com\/wp-content\/uploads\/2018\/01\/Gallery-23-Camping-Adria-Riccione.jpg' data-size=\"800x500\"><img loading=\"lazy\" decoding=\"async\" width=\"640\" height=\"420\" src=\"https:\/\/www.campingadria.com\/wp-content\/uploads\/2018\/01\/Gallery-23-Camping-Adria-Riccione-640x420.jpg\" class=\"attachment-medium size-medium\" alt=\"\" \/><\/a>\n\t\t\t<\/div><\/figure><figure class='gallery-item'>\n\t\t\t<div class='gallery-icon landscape'>\n\t\t\t\t<a href='https:\/\/www.campingadria.com\/wp-content\/uploads\/2018\/01\/Gallery-24-Camping-Adria-Riccione.jpg' data-size=\"800x500\"><img loading=\"lazy\" decoding=\"async\" width=\"640\" height=\"420\" src=\"https:\/\/www.campingadria.com\/wp-content\/uploads\/2018\/01\/Gallery-24-Camping-Adria-Riccione-640x420.jpg\" class=\"attachment-medium size-medium\" alt=\"\" \/><\/a>\n\t\t\t<\/div><\/figure><figure class='gallery-item'>\n\t\t\t<div class='gallery-icon landscape'>\n\t\t\t\t<a href='https:\/\/www.campingadria.com\/wp-content\/uploads\/2018\/02\/doggy-1.jpg' data-size=\"1200x675\"><img loading=\"lazy\" decoding=\"async\" width=\"640\" height=\"420\" src=\"https:\/\/www.campingadria.com\/wp-content\/uploads\/2018\/02\/doggy-1-640x420.jpg\" class=\"attachment-medium size-medium\" alt=\"\" \/><\/a>\n\t\t\t<\/div><\/figure>\n\t\t<\/div>\n\n<p>Regardez notre <a href=\"http:\/\/www.campingadria.com\/fr\/galerie-video\/\">Galerie vid\u00e9o.<\/a><\/p>\n","protected":false},"excerpt":{"rendered":"<p>Alcune immagini del Camping Adria di Riccione Vacances en libert\u00e9 \u00e0 Riccione.\u00a0Espaces ombrag\u00e9s et en contact avec la nature Des points de rafra\u00eechissement. A l&rsquo;int\u00e9rieur du camping supermarch\u00e9 avec gastronomie d\u00e9partement, bar, restaurant, presse, tabac et Bazar Soir\u00e9es de f\u00eate. Le camping organise des soir\u00e9es fantastiques de musique et d\u2019amusement dans le style de la Romagne! Nos amis \u00e0 quatre pattes. La zone de d\u00e9foulement d\u00e9di\u00e9e aux petits invit\u00e9s du &#8230;<\/p>\n","protected":false},"author":1,"featured_media":0,"parent":0,"menu_order":62,"comment_status":"closed","ping_status":"closed","template":"","meta":{"_acf_changed":false},"class_list":["post-1597","page","type-page","status-publish","hentry"],"acf":[],"_links":{"self":[{"href":"https:\/\/www.campingadria.com\/fr\/wp-json\/wp\/v2\/pages\/1597","targetHints":{"allow":["GET"]}}],"collection":[{"href":"https:\/\/www.campingadria.com\/fr\/wp-json\/wp\/v2\/pages"}],"about":[{"href":"https:\/\/www.campingadria.com\/fr\/wp-json\/wp\/v2\/types\/page"}],"author":[{"embeddable":true,"href":"https:\/\/www.campingadria.com\/fr\/wp-json\/wp\/v2\/users\/1"}],"replies":[{"embeddable":true,"href":"https:\/\/www.campingadria.com\/fr\/wp-json\/wp\/v2\/comments?post=1597"}],"version-history":[{"count":0,"href":"https:\/\/www.campingadria.com\/fr\/wp-json\/wp\/v2\/pages\/1597\/revisions"}],"wp:attachment":[{"href":"https:\/\/www.campingadria.com\/fr\/wp-json\/wp\/v2\/media?parent=1597"}],"curies":[{"name":"wp","href":"https:\/\/api.w.org\/{rel}","templated":true}]}}