{"id":1593,"date":"2017-12-29T11:50:35","date_gmt":"2017-12-29T10:50:35","guid":{"rendered":"http:\/\/www.campingadria.com\/addio-nubilato-celibato-riccione\/"},"modified":"2019-01-27T15:37:20","modified_gmt":"2019-01-27T14:37:20","slug":"fete-de-bachelorette-ou-enterrement-de-vie-de-garcon-a-riccione","status":"publish","type":"page","link":"https:\/\/www.campingadria.com\/fr\/fete-de-bachelorette-ou-enterrement-de-vie-de-garcon-a-riccione\/","title":{"rendered":"F\u00eate de Bachelorette ou enterrement de vie de gar\u00e7on \u00e0 Riccione!"},"content":{"rendered":"<h2>Avant le fatidique OUI&#8230; venez et amusez-vous dans la nature,\u00e0 un pas de la mer!<\/h2>\n<p>Un \u00e9v\u00e9nement inoubliable en compagnie de vos plus chers amis: venez en tentes ou en camping-cars pour une nuit seulement!<br \/>\nNous vous accueillons avec du bon vin, 1 bouteille pour 4 personnes (mais vous devez le r\u00e9server) et si vous en avez besoin, pour vous un expert-conseil Super dans l&rsquo;organisation de tels \u00e9v\u00e9nements.<br \/>\nSi <strong>vous vous mariez \u00e0 Riccione ici<\/strong>, vous pouvez choisir de c\u00e9l\u00e9brer votre mariage sur la plage, dans un ch\u00e2teau ou dans une belle Villa Liberty. La plage d\u00e9di\u00e9e par la municipalit\u00e9 aux mariages est 1000MT de chez nous!<br \/>\nQue dites-vous&#8230; aimez-vous l&rsquo;<strong>id\u00e9e de passer votre derni\u00e8re nuit \u00ab\u00a0de single\u00a0\u00bb dans une ville fra\u00eeche comme Riccione ?<\/strong> Allez, nous avons h\u00e2te de rendre vos moments inoubliables!<\/p>\n<div id='gallery-1' class='gallery galleryid-1593 gallery-columns-3 gallery-size-medium'><figure class='gallery-item'>\n\t\t\t<div class='gallery-icon landscape'>\n\t\t\t\t<a href='https:\/\/www.campingadria.com\/wp-content\/uploads\/2017\/12\/Gallery-matrimonio-01-Adria-Riccione.jpg' data-size=\"800x500\"><img loading=\"lazy\" decoding=\"async\" width=\"640\" height=\"420\" src=\"https:\/\/www.campingadria.com\/wp-content\/uploads\/2017\/12\/Gallery-matrimonio-01-Adria-Riccione-640x420.jpg\" class=\"attachment-medium size-medium\" alt=\"\" \/><\/a>\n\t\t\t<\/div><\/figure><figure class='gallery-item'>\n\t\t\t<div class='gallery-icon landscape'>\n\t\t\t\t<a href='https:\/\/www.campingadria.com\/wp-content\/uploads\/2017\/12\/Gallery-matrimonio-02-Adria-Riccione.jpg' data-size=\"800x500\"><img loading=\"lazy\" decoding=\"async\" width=\"640\" height=\"420\" src=\"https:\/\/www.campingadria.com\/wp-content\/uploads\/2017\/12\/Gallery-matrimonio-02-Adria-Riccione-640x420.jpg\" class=\"attachment-medium size-medium\" alt=\"\" \/><\/a>\n\t\t\t<\/div><\/figure><figure class='gallery-item'>\n\t\t\t<div class='gallery-icon landscape'>\n\t\t\t\t<a href='https:\/\/www.campingadria.com\/wp-content\/uploads\/2017\/12\/Gallery-matrimonio-04-Adria-Riccione.jpg' data-size=\"800x500\"><img loading=\"lazy\" decoding=\"async\" width=\"640\" height=\"420\" src=\"https:\/\/www.campingadria.com\/wp-content\/uploads\/2017\/12\/Gallery-matrimonio-04-Adria-Riccione-640x420.jpg\" class=\"attachment-medium size-medium\" alt=\"\" \/><\/a>\n\t\t\t<\/div><\/figure>\n\t\t<\/div>\n\n","protected":false},"excerpt":{"rendered":"<p>Avant le fatidique OUI&#8230; venez et amusez-vous dans la nature,\u00e0 un pas de la mer! Un \u00e9v\u00e9nement inoubliable en compagnie de vos plus chers amis: venez en tentes ou en camping-cars pour une nuit seulement! Nous vous accueillons avec du bon vin, 1 bouteille pour 4 personnes (mais vous devez le r\u00e9server) et si vous en avez besoin, pour vous un expert-conseil Super dans l&rsquo;organisation de tels \u00e9v\u00e9nements. Si vous &#8230;<\/p>\n","protected":false},"author":1,"featured_media":1227,"parent":0,"menu_order":44,"comment_status":"closed","ping_status":"closed","template":"template\/template.curiosita.php","meta":{"_acf_changed":false},"class_list":["post-1593","page","type-page","status-publish","has-post-thumbnail","hentry"],"acf":[],"_links":{"self":[{"href":"https:\/\/www.campingadria.com\/fr\/wp-json\/wp\/v2\/pages\/1593","targetHints":{"allow":["GET"]}}],"collection":[{"href":"https:\/\/www.campingadria.com\/fr\/wp-json\/wp\/v2\/pages"}],"about":[{"href":"https:\/\/www.campingadria.com\/fr\/wp-json\/wp\/v2\/types\/page"}],"author":[{"embeddable":true,"href":"https:\/\/www.campingadria.com\/fr\/wp-json\/wp\/v2\/users\/1"}],"replies":[{"embeddable":true,"href":"https:\/\/www.campingadria.com\/fr\/wp-json\/wp\/v2\/comments?post=1593"}],"version-history":[{"count":0,"href":"https:\/\/www.campingadria.com\/fr\/wp-json\/wp\/v2\/pages\/1593\/revisions"}],"wp:featuredmedia":[{"embeddable":true,"href":"https:\/\/www.campingadria.com\/fr\/wp-json\/wp\/v2\/media\/1227"}],"wp:attachment":[{"href":"https:\/\/www.campingadria.com\/fr\/wp-json\/wp\/v2\/media?parent=1593"}],"curies":[{"name":"wp","href":"https:\/\/api.w.org\/{rel}","templated":true}]}}