{"id":1591,"date":"2018-12-19T14:29:44","date_gmt":"2018-12-19T13:29:44","guid":{"rendered":"http:\/\/www.campingadria.com\/borghi-entroterra-riccione\/"},"modified":"2019-01-27T15:33:43","modified_gmt":"2019-01-27T14:33:43","slug":"villages-interieurs-riccione","status":"publish","type":"page","link":"https:\/\/www.campingadria.com\/fr\/villages-interieurs-riccione\/","title":{"rendered":"Que faire si vous montez la colline de Riccione?"},"content":{"rendered":"<h2>Venez d\u00e9couvrir les villages m\u00e9di\u00e9vaux<\/h2>\n<p><strong>Les vacances sur la Riviera Romagnole ,ce n&rsquo;est pas seulement la mer !<\/strong> Une terre pleine de couleurs, d&rsquo;histoire et de traditions vous attend si vous aimez vous balader loin des plages et de la vie mondaine. En v\u00e9lo, en bus ou en voiture, vous pouvez rejoindre des ch\u00e2teaux et des villages dans<strong> les environs de Riccione<\/strong>, et vous laisser fasciner par de beaux paysages, des histoires intrigantes qui vous feront r\u00eaver, et pourquoi pas, d\u00e9jeuner avec du bon vin et voir la mer \u00e0 l&rsquo;horizon. C&rsquo;est une invitation que vous ne pouvez pas refuser.<\/p>\n<h3>Depuis les collines de Riccione vous accederez \u00e0\u00a0:<\/h3>\n<ul>\n<li><strong>Coriano<\/strong> \u00e0 8 km: pour voir le parc fluvial du Marano et la vall\u00e9e du Rio Melo. Le Sangiovese et les olives sont absolument \u00e0 d\u00e9guster !<\/li>\n<li><strong>San Clemente<\/strong> \u00e0 13 km: encercl\u00e9 par les remparts de Malatestiana, ce charmant village avec son \u00e9glise paroissiale, dessin\u00e9 par l&rsquo;architecte du pape, est une visite incontournable. Ne manquez pas la f\u00eate du vin en mai.<\/li>\n<li><strong>Gradara<\/strong> \u00e0 14 km: le hameau de Paolo et Francesca avec l&rsquo;\u00e9vocateur Rocca.<\/li>\n<li><strong>San Giovanni in Marignano<\/strong> \u00e0 15 km: le \u00ab\u00a0Loft de la Malatesta\u00a0\u00bb o\u00f9 admirer le Teatro Massari, les \u00e9glises de Sainte-Lucie et Saint-Pierre et de participer \u00e0 la f\u00eate suggestive des sorci\u00e8res.<\/li>\n<li><strong>Gemmano<\/strong> \u00e0 19 km: c\u00e9l\u00e8bre pour les grottes d&rsquo;Onferno et pour les vins Sangiovese et Trebbiano.<\/li>\n<li><strong>Montecolombo<\/strong> \u00e0 20 km: admirez le ch\u00e2teau du XIe si\u00e8cle, l&rsquo;\u00e9glise de San Martino avec la toile de Brancaleoni. En \u00e9t\u00e9, la f\u00eate de tripes et strozzaprete est savoureuse.<\/li>\n<li><strong>Montefiore Conca<\/strong> \u00e0 20 km: admirez la forteresse \u00e0 couper le souffle et ne manquez pas le Festival culturel Rocca di Luna et Mangiarsano. La f\u00eate de la ch\u00e2taigne est \u00e0 ne pas manquer.<\/li>\n<li><strong>Montescudo<\/strong> \u00e0 21 km: c&rsquo;est une forteresse Malatestiana pleine de charme. A l&rsquo;\u00e9glise paroissiale de SS. Biagio et Simone du XIIe si\u00e8cle, vous pourrez admirer le crucifix en bois.<\/li>\n<li><strong>Santarcangelo di Romagna<\/strong> \u00e0 25 km: l&rsquo;un des plus beaux villages de toute la Romagne. Vous pourrez admirer la colline du mont-Giove avec la forteresse de Malatesta et participer aux nombreux \u00e9v\u00e9nements culturels et traditionnels organis\u00e9s en \u00e9t\u00e9. Le plus c\u00e9l\u00e8bre est le Festival de Santarcangelo.<\/li>\n<li><strong>Saludecio<\/strong> \u00e0 25 km: c\u00e9l\u00e8bre pour le Salus Erbae et pour le Festival du XIXe si\u00e8cle, avec des repr\u00e9sentations musicales et th\u00e9\u00e2trales.<\/li>\n<li><strong>Poggio Berni<\/strong> \u00e0 28 km: le majestueux Palazzo Macrosanti, ce village est situ\u00e9 entre la rivi\u00e8re uso et Marecchia.<\/li>\n<li><strong>Montegridolfo<\/strong> \u00e0 29 km: pour visiter le ch\u00e2teau de Malatestiano de 1300 et l&rsquo;\u00e9glise de San Rocco avec le Tela del Cagnacci.<\/li>\n<li><strong>Verucchio<\/strong> \u00e0 29 km: la Rocca del Sasso domine toute la vall\u00e9e. Verucchio \u00e9tait le berceau de la Malatesta, il est riche de monuments et d&rsquo;histoires antiques. Ne manquez pas l&rsquo;\u00e9glise du Xe si\u00e8cle et le Festival de Verucchio.<\/li>\n<li><strong>Saint-Marin<\/strong> \u00e0 33 km: cette petite communaut\u00e9 est un \u00c9tat ind\u00e9pendant perch\u00e9 sur le Mont Titan. Absolument pour faire le chemin des trois tours; L&rsquo;entr\u00e9e de la Basilique du Saint, au monast\u00e8re de Sainte Claire avec ses expositions est incontournable. C\u00e9l\u00e8bre est le Palio des grands arbal\u00e8tes.<\/li>\n<li><strong>Torriana et Montebello<\/strong> \u00e0 35 km: deux villages immerg\u00e9s dans la verdure. Beau ch\u00e2teau de Mons belli (Montebello), une forteresse f\u00e9odale typique.<\/li>\n<li><strong>Talamello<\/strong> \u00e0 41 km: est situ\u00e9 au pied du mont Pincio. C\u00e9l\u00e8bre pour les bois de ch\u00e2taigne et pour son ch\u00e2teau qui appartenait \u00e0 la della Faggiola, et ensuite \u00e0 Malatesta.<\/li>\n<li><strong>Novafeltria<\/strong> \u00e0 42 km: connu sous le nom de march\u00e9 Marecchide. A voir dans les environs le Mus\u00e9e du soufre de Perticara et la Pieve di Santa Maria \u00e0 Vico.<\/li>\n<li><strong>San Leo<\/strong> \u00e0 45 km: le hameau du comte de l&rsquo;Ostro et la forteresse qui \u00e9tait ancienne prison, dans laquelle l&rsquo;alchimiste a \u00e9t\u00e9 enferm\u00e9. Cette petite ville a re\u00e7u le titre de ville d&rsquo;art.<\/li>\n<li><strong>Urbino<\/strong> \u00e0 52 km: site class\u00e9 au patrimoine mondial de l&rsquo;UNESCO, la ville de Raffaello Sanzio regorge d&rsquo;histoire et d&rsquo;art. Palazzo Ducale, Piazza del Mercatale, Piazza Rinascimento, le Duomo, la Galerie nationale des marches, l&rsquo;Oratoire de S. Giuseppe et Piazzale Roma. Un v\u00e9ritable berceau de d\u00e9couvertes \u00e0 voir absolument.<\/li>\n<li><strong>Sant&rsquo;Agata Feltria<\/strong> \u00e0 55 km: un beau village aux vues suggestives. C\u00e9l\u00e8bre pour \u00eatre \u00ab\u00a0le pays de No\u00ebl \u00ab\u00a0.<\/li>\n<li><strong>Pennabilli<\/strong> \u00e0 58 km: le village du po\u00e8te Tonino Guerra, c\u00e9l\u00e8bre pour l&rsquo;\u00e9v\u00e9nement \u00ab\u00a0artistes dans la place\u00a0\u00bb. Le village est inclus dans le territoire du Parco Sasso Simone et Simoncello.<\/li>\n<li><strong>Casteldelci<\/strong> \u00e0 65 km: un plongeon au moyen Age, ce village propose aux yeux du visiteur les merveilles des tours de G, la Torre del Monte et celle de Campanaria. Int\u00e9ressant de visiter le Mus\u00e9e de la maison pour en savoir plus sur l&rsquo;histoire de ces lieux jusqu&rsquo;\u00e0 l&rsquo;\u00e9poque m\u00e9di\u00e9vale.<\/li>\n<\/ul>\n<p>&nbsp;<\/p>\n","protected":false},"excerpt":{"rendered":"<p>Venez d\u00e9couvrir les villages m\u00e9di\u00e9vaux Les vacances sur la Riviera Romagnole ,ce n&rsquo;est pas seulement la mer ! Une terre pleine de couleurs, d&rsquo;histoire et de traditions vous attend si vous aimez vous balader loin des plages et de la vie mondaine. En v\u00e9lo, en bus ou en voiture, vous pouvez rejoindre des ch\u00e2teaux et des villages dans les environs de Riccione, et vous laisser fasciner par de beaux paysages, &#8230;<\/p>\n","protected":false},"author":1,"featured_media":1233,"parent":0,"menu_order":34,"comment_status":"closed","ping_status":"closed","template":"template\/template.curiosita.php","meta":{"_acf_changed":false},"class_list":["post-1591","page","type-page","status-publish","has-post-thumbnail","hentry"],"acf":[],"_links":{"self":[{"href":"https:\/\/www.campingadria.com\/fr\/wp-json\/wp\/v2\/pages\/1591","targetHints":{"allow":["GET"]}}],"collection":[{"href":"https:\/\/www.campingadria.com\/fr\/wp-json\/wp\/v2\/pages"}],"about":[{"href":"https:\/\/www.campingadria.com\/fr\/wp-json\/wp\/v2\/types\/page"}],"author":[{"embeddable":true,"href":"https:\/\/www.campingadria.com\/fr\/wp-json\/wp\/v2\/users\/1"}],"replies":[{"embeddable":true,"href":"https:\/\/www.campingadria.com\/fr\/wp-json\/wp\/v2\/comments?post=1591"}],"version-history":[{"count":0,"href":"https:\/\/www.campingadria.com\/fr\/wp-json\/wp\/v2\/pages\/1591\/revisions"}],"wp:featuredmedia":[{"embeddable":true,"href":"https:\/\/www.campingadria.com\/fr\/wp-json\/wp\/v2\/media\/1233"}],"wp:attachment":[{"href":"https:\/\/www.campingadria.com\/fr\/wp-json\/wp\/v2\/media?parent=1591"}],"curies":[{"name":"wp","href":"https:\/\/api.w.org\/{rel}","templated":true}]}}