{"id":1587,"date":"2018-05-14T00:50:22","date_gmt":"2018-05-13T22:50:22","guid":{"rendered":"http:\/\/www.campingadria.com\/vacanze-riccione\/"},"modified":"2019-01-24T18:18:26","modified_gmt":"2019-01-24T17:18:26","slug":"vacances-riccione","status":"publish","type":"page","link":"https:\/\/www.campingadria.com\/fr\/vacances-riccione\/","title":{"rendered":"Voici le Riccione vous ne vous attendiez pas!"},"content":{"rendered":"<p>Si vous \u00eates ici, c&rsquo;est parce que vous \u00eates curieux de savoir o\u00f9 se trouve Riccione et ce que vous pouvez d\u00e9couvrir et visiter.<br \/>\n<strong>Nous sommes Riccionesi et nous pouvons vous faire d\u00e9couvrir les territoires que nous connaissons comme nos poches!<\/strong><\/p>\n<p><strong>Riccione est \u00e0 12 km de Rimini<\/strong>, situ\u00e9 sur les plages de la Riviera Romagnola, la mer Adriatique. Toujours synonyme de mode, d&rsquo;innovation, de tendance, de go\u00fbt et de relaxation.<\/p>\n<p><strong>\u00c0 Riccione, vous pouvez faire\u00a0:<\/strong><\/p>\n<ul>\n<li>Shopping<\/li>\n<li>Sports, cyclisme le long des sentiers pour les cyclistes, natation au stade de natation, pratiquer la planche \u00e0 voile ou le kite-surf<\/li>\n<li>Assister \u00e0 des concerts et \u00e9v\u00e9nements organis\u00e9s au cours de l&rsquo;ann\u00e9e.<\/li>\n<\/ul>\n<p>Riccione est nomm\u00e9<strong> perle verte de l&rsquo;Adriatique<\/strong>, et est c\u00e9l\u00e8bre, entre autres choses, pour son Viale Ceccarini et Viale Dante, les rues de movida anim\u00e9e par les musiques de radio Deejay.\u00a0L&rsquo;\u00e9t\u00e9 tourne sur les couleurs avec la<strong> nuit rose<\/strong>, la vraie nouvelle ann\u00e9e de l&rsquo;\u00e9t\u00e9: Riccione est peupl\u00e9e par des artistes et des visiteurs qui veulent s&rsquo;amuser et \u00eatre submerg\u00e9 par la joie de la Romagne.<\/p>\n<p>Les plages sont super-\u00e9quip\u00e9es avec des divertissements et de nombreux jeux pour les petits et les grands. Happy Hour, moments de bien-\u00eatre et de remise en forme, plages qui acceptent les animaux, et ceux o\u00f9 vous pouvez vous d\u00e9tendre dans des bains \u00e0 remous confortables&#8230; <strong>tout est possible \u00e0 Riccione!<\/strong><\/p>\n<p>De nombreux \u00e9v\u00e9nements organis\u00e9s au <strong>Palais des congr\u00e8s<\/strong> , les possibilit\u00e9s de se d\u00e9tendre au Spa, de nombreuses d\u00e9gustations et festivals.<\/p>\n<p><strong>Sites int\u00e9ressants de valeur historique et artistique<\/strong>: Villa Franceschi avec sa Galerie d&rsquo;art moderne, Villa Mussolini, qui a \u00e9t\u00e9 Maison du Duc, le Centre civique de Pesa avec le Mus\u00e9e du territoire, qui retrace l&rsquo;histoire du territoire de la pr\u00e9histoire \u00e0 l&rsquo;\u00e2ge romain.<br \/>\nEt puis la vie nocturne de la ville avec ses <strong>discoth\u00e8ques<\/strong> d&rsquo;avant-garde. Beaucoup de jeunes viennent ici pour le Cocoric\u00f2, le Peter Pan, la Villa delle Rose ou les locaux de Marano directement sur la plage. La musique et le d\u00e9sir d&rsquo;\u00eatre toujours \u00e0 la mode, s&#8217;embrassent pour donner vie \u00e0 des soir\u00e9es inoubliables.<\/p>\n<p><strong>Et les parcs d&rsquo;attraction? A Riccione vous pouvez trouver :<\/strong><\/p>\n<ul>\n<li><strong>Aquafan<\/strong>, le parc aquatique le plus c\u00e9l\u00e8bre d&rsquo;Europe<\/li>\n<li><strong>Outre-mer<\/strong> et les myst\u00e8res du fond marin<\/li>\n<li><strong>Indiana Golf<\/strong> (\u00e0 400 mt de chez nous), le mini-golf pour les petits et les grands<\/li>\n<li><strong>Perles d&rsquo;eau<\/strong> (seulement 600 Mt de chez nous), Wellness oasis et jeux aquatiques<\/li>\n<li><strong>Fondazione Cetacea Onlus<\/strong> (\u00e0 700 mt du camping) merveilleuse pour admirer les tortues<\/li>\n<li>Et puis, \u00e0 seulement 800 m\u00e8tres du camping, parc d&rsquo;amusement.<\/li>\n<\/ul>\n<p><strong>Non loin de Riccione vous pouvez trouver\u00a0:<\/strong><\/p>\n<ul>\n<li><strong>Fiabilandia<\/strong> : \u00e0 Miramare di Rimini, un plongeon dans le monde f\u00e9erique<\/li>\n<li><strong>L&rsquo;Italie en miniature<\/strong> : \u00e0 Rimini, un voyage \u00e0 travers les beaut\u00e9s du beau pays, reproduit \u00e0 l&rsquo;\u00e9chelle<\/li>\n<li><strong>Aquarium de Cattolica<\/strong> : o\u00f9 admirer les requins et beaucoup d&rsquo;autres esp\u00e8ces marines<\/li>\n<\/ul>\n<div id='gallery-1' class='gallery galleryid-1587 gallery-columns-3 gallery-size-thumbnail'><figure class='gallery-item'>\n\t\t\t<div class='gallery-icon landscape'>\n\t\t\t\t<a href='https:\/\/www.campingadria.com\/wp-content\/uploads\/2018\/05\/aquafan-camping-adria1.jpg' data-size=\"1800x1080\"><img loading=\"lazy\" decoding=\"async\" width=\"300\" height=\"300\" src=\"https:\/\/www.campingadria.com\/wp-content\/uploads\/2018\/05\/aquafan-camping-adria1-300x300.jpg\" class=\"attachment-thumbnail size-thumbnail\" alt=\"\" \/><\/a>\n\t\t\t<\/div><\/figure><figure class='gallery-item'>\n\t\t\t<div class='gallery-icon landscape'>\n\t\t\t\t<a href='https:\/\/www.campingadria.com\/wp-content\/uploads\/2018\/05\/oltremare-camping-adria.jpg' data-size=\"1800x1080\"><img loading=\"lazy\" decoding=\"async\" width=\"300\" height=\"300\" src=\"https:\/\/www.campingadria.com\/wp-content\/uploads\/2018\/05\/oltremare-camping-adria-300x300.jpg\" class=\"attachment-thumbnail size-thumbnail\" alt=\"\" \/><\/a>\n\t\t\t<\/div><\/figure><figure class='gallery-item'>\n\t\t\t<div class='gallery-icon landscape'>\n\t\t\t\t<a href='https:\/\/www.campingadria.com\/wp-content\/uploads\/2018\/05\/fiabilandia-camping-adria.jpg' data-size=\"1800x1080\"><img loading=\"lazy\" decoding=\"async\" width=\"300\" height=\"300\" src=\"https:\/\/www.campingadria.com\/wp-content\/uploads\/2018\/05\/fiabilandia-camping-adria-300x300.jpg\" class=\"attachment-thumbnail size-thumbnail\" alt=\"\" \/><\/a>\n\t\t\t<\/div><\/figure>\n\t\t<\/div>\n\n<p>Tous \u00e0 d\u00e9couvrir sont les <strong>anciens villages charg\u00e9s de tradition<\/strong>, mais c&rsquo;est une autre histoire. Tout ce que vous avez \u00e0 faire est de venir nous rendre visite! Ce sera un plaisir de vous montrer comment rendre votre s\u00e9jour sp\u00e9cial! <strong>#votrebonheurestlenotre<\/strong><\/p>\n","protected":false},"excerpt":{"rendered":"<p>Si vous \u00eates ici, c&rsquo;est parce que vous \u00eates curieux de savoir o\u00f9 se trouve Riccione et ce que vous pouvez d\u00e9couvrir et visiter. Nous sommes Riccionesi et nous pouvons vous faire d\u00e9couvrir les territoires que nous connaissons comme nos poches! Riccione est \u00e0 12 km de Rimini, situ\u00e9 sur les plages de la Riviera Romagnola, la mer Adriatique. Toujours synonyme de mode, d&rsquo;innovation, de tendance, de go\u00fbt et de &#8230;<\/p>\n","protected":false},"author":4,"featured_media":1217,"parent":0,"menu_order":29,"comment_status":"closed","ping_status":"closed","template":"template\/template.curiosita.php","meta":{"_acf_changed":false},"class_list":["post-1587","page","type-page","status-publish","has-post-thumbnail","hentry"],"acf":[],"_links":{"self":[{"href":"https:\/\/www.campingadria.com\/fr\/wp-json\/wp\/v2\/pages\/1587","targetHints":{"allow":["GET"]}}],"collection":[{"href":"https:\/\/www.campingadria.com\/fr\/wp-json\/wp\/v2\/pages"}],"about":[{"href":"https:\/\/www.campingadria.com\/fr\/wp-json\/wp\/v2\/types\/page"}],"author":[{"embeddable":true,"href":"https:\/\/www.campingadria.com\/fr\/wp-json\/wp\/v2\/users\/4"}],"replies":[{"embeddable":true,"href":"https:\/\/www.campingadria.com\/fr\/wp-json\/wp\/v2\/comments?post=1587"}],"version-history":[{"count":0,"href":"https:\/\/www.campingadria.com\/fr\/wp-json\/wp\/v2\/pages\/1587\/revisions"}],"wp:featuredmedia":[{"embeddable":true,"href":"https:\/\/www.campingadria.com\/fr\/wp-json\/wp\/v2\/media\/1217"}],"wp:attachment":[{"href":"https:\/\/www.campingadria.com\/fr\/wp-json\/wp\/v2\/media?parent=1587"}],"curies":[{"name":"wp","href":"https:\/\/api.w.org\/{rel}","templated":true}]}}