{"id":1582,"date":"2017-12-29T10:07:44","date_gmt":"2017-12-29T09:07:44","guid":{"rendered":"http:\/\/www.campingadria.com\/animazione\/"},"modified":"2019-01-24T17:40:53","modified_gmt":"2019-01-24T16:40:53","slug":"animation","status":"publish","type":"page","link":"https:\/\/www.campingadria.com\/fr\/animation\/","title":{"rendered":"Camping et divertissement: Voici les vacances parfaites!"},"content":{"rendered":"<h3>Des \u00e9motions vivantes pour les petits et les grands. Vous \u00eates \u00e0 Riccione<\/h3>\n<p><strong>Bienvenue \u00e0 votre oasis de vacances, \u00e0 un pas de la mer. Vous \u00eates au camping.<\/strong><\/p>\n<p>La libert\u00e9 sera votre compagnon de voyage et, avec vous, un service d&rsquo;animation qui rend votre relaxation vraiment sp\u00e9ciale! Parce que le confort et le plaisir vont de paire.<br \/>\nAvez-vous des enfants? D\u00e8s le d\u00e9but de juin,il y aura pour eux, <strong>Mini club et Junior Club<\/strong> avec de nombreuses activit\u00e9s ludiques tout en s&rsquo;amusant en compagnie d&rsquo;animateurs professionnels.<br \/>\nEt puis? Un <strong>beau terrain de jeu sur le sable<\/strong> et immerg\u00e9 dans la nature o\u00f9 les enfants, en toute s\u00e9curit\u00e9, peuvent donner vent \u00e0 toute leur vitalit\u00e9.<br \/>\nEt Vous ? Un riche plan d&rsquo;\u00e9v\u00e9nements et de moments de r\u00e9cr\u00e9ation m\u00eame si vous n&rsquo;\u00eates plus un enfant: fitness, jeux, tournois, danses de groupe et soir\u00e9es th\u00e9matiques! Le samedi avec des spectacles, Baby Dance et divertissement musical est incontournable!<\/p>\n<div id='gallery-1' class='gallery galleryid-1582 gallery-columns-3 gallery-size-medium'><figure class='gallery-item'>\n\t\t\t<div class='gallery-icon landscape'>\n\t\t\t\t<a href='https:\/\/www.campingadria.com\/wp-content\/uploads\/2017\/12\/Gallery-animazione-01-Adria-Riccione.jpg' data-size=\"800x500\"><img loading=\"lazy\" decoding=\"async\" width=\"640\" height=\"420\" src=\"https:\/\/www.campingadria.com\/wp-content\/uploads\/2017\/12\/Gallery-animazione-01-Adria-Riccione-640x420.jpg\" class=\"attachment-medium size-medium\" alt=\"\" \/><\/a>\n\t\t\t<\/div><\/figure><figure class='gallery-item'>\n\t\t\t<div class='gallery-icon landscape'>\n\t\t\t\t<a href='https:\/\/www.campingadria.com\/wp-content\/uploads\/2017\/12\/Gallery-animazione-02-Adria-Riccione.jpg' data-size=\"800x500\"><img loading=\"lazy\" decoding=\"async\" width=\"640\" height=\"420\" src=\"https:\/\/www.campingadria.com\/wp-content\/uploads\/2017\/12\/Gallery-animazione-02-Adria-Riccione-640x420.jpg\" class=\"attachment-medium size-medium\" alt=\"\" \/><\/a>\n\t\t\t<\/div><\/figure><figure class='gallery-item'>\n\t\t\t<div class='gallery-icon landscape'>\n\t\t\t\t<a href='https:\/\/www.campingadria.com\/wp-content\/uploads\/2017\/12\/Gallery-animazione-03-Adria-Riccione.jpg' data-size=\"800x500\"><img loading=\"lazy\" decoding=\"async\" width=\"640\" height=\"420\" src=\"https:\/\/www.campingadria.com\/wp-content\/uploads\/2017\/12\/Gallery-animazione-03-Adria-Riccione-640x420.jpg\" class=\"attachment-medium size-medium\" alt=\"\" \/><\/a>\n\t\t\t<\/div><\/figure>\n\t\t<\/div>\n\n<p>Et si tout cela n&rsquo;est toujours pas suffisant, \u00e0 Riccione vous trouverez de <strong>nombreux<\/strong> <strong>parcs th\u00e9matiques<\/strong> et de nombreux villages anciens \u00e0 visiter!ourquoi se contenter de vacances, quand vous pouvez choisir les vacances dont vous avez toujours r\u00eav\u00e9?<\/p>\n<h3>Nous vous attendons au coeur de Riccione,\u00e0 un pas de la mer!<\/h3>\n","protected":false},"excerpt":{"rendered":"<p>Des \u00e9motions vivantes pour les petits et les grands. Vous \u00eates \u00e0 Riccione Bienvenue \u00e0 votre oasis de vacances, \u00e0 un pas de la mer. Vous \u00eates au camping. La libert\u00e9 sera votre compagnon de voyage et, avec vous, un service d&rsquo;animation qui rend votre relaxation vraiment sp\u00e9ciale! Parce que le confort et le plaisir vont de paire. Avez-vous des enfants? D\u00e8s le d\u00e9but de juin,il y aura pour eux, &#8230;<\/p>\n","protected":false},"author":1,"featured_media":0,"parent":0,"menu_order":48,"comment_status":"closed","ping_status":"closed","template":"","meta":{"_acf_changed":false},"class_list":["post-1582","page","type-page","status-publish","hentry"],"acf":[],"_links":{"self":[{"href":"https:\/\/www.campingadria.com\/fr\/wp-json\/wp\/v2\/pages\/1582","targetHints":{"allow":["GET"]}}],"collection":[{"href":"https:\/\/www.campingadria.com\/fr\/wp-json\/wp\/v2\/pages"}],"about":[{"href":"https:\/\/www.campingadria.com\/fr\/wp-json\/wp\/v2\/types\/page"}],"author":[{"embeddable":true,"href":"https:\/\/www.campingadria.com\/fr\/wp-json\/wp\/v2\/users\/1"}],"replies":[{"embeddable":true,"href":"https:\/\/www.campingadria.com\/fr\/wp-json\/wp\/v2\/comments?post=1582"}],"version-history":[{"count":0,"href":"https:\/\/www.campingadria.com\/fr\/wp-json\/wp\/v2\/pages\/1582\/revisions"}],"wp:attachment":[{"href":"https:\/\/www.campingadria.com\/fr\/wp-json\/wp\/v2\/media?parent=1582"}],"curies":[{"name":"wp","href":"https:\/\/api.w.org\/{rel}","templated":true}]}}