{"id":434,"date":"2016-07-29T12:11:55","date_gmt":"2016-07-29T10:11:55","guid":{"rendered":"http:\/\/www.campingadria.com\/pagina-di-esempio\/"},"modified":"2026-02-20T18:20:00","modified_gmt":"2026-02-20T17:20:00","slug":"pagina-di-esempio","status":"publish","type":"page","link":"https:\/\/www.campingadria.com\/de\/","title":{"rendered":"Lust auf Urlaub auf dem Campingplatz? Willkommen in der Romagna! Er\u00f6ffnung am Donnerstag, 2.\u00a0April 2026"},"content":{"rendered":"<h2>Wir erwarten Sie in Riccione direkt am Strand!<\/h2>\n<p>Seit Jahren empfangen wir G\u00e4ste, die sich in vollkommener Freiheit entspannen m\u00f6chten, ohne dabei auf den Komfort der zahlreichen Dienstleistungen zu verzichten, die man auf einem Campingplatz finden kann und finden sollte!<\/p>\n<p>Unsere Mission besteht darin, Sie gl\u00fccklich zu machen, unser Motto lautet:<strong> #HauptsacheSiesindzufrieden<\/strong><\/p>\n<p><strong>Bringen Sie Folgendes mit:<\/strong><\/p>\n<ul>\n<li>Lust auf Freiheit<\/li>\n<li>Lust auf Spa\u00df<\/li>\n<li>Lust, eine ganz auf Sie zugeschnittene Art von Entspannung zu genie\u00dfen.<\/li>\n<\/ul>\n<p><strong>Wir empfangen Sie mit:<\/strong><\/p>\n<ul>\n<li>einem L\u00e4cheln, eine Kunst, in der wir in Riccione Meister sind<\/li>\n<li><strong>100.000 m2 Rasen und flache<\/strong>, angenehm schattige Zeltpl\u00e4tze<\/li>\n<li>Mini-Club und Junior-Club f\u00fcr die Kinder, die mit <strong>Profi-Animatoren<\/strong> spielen k\u00f6nnen<\/li>\n<li>dem Spielplatz, einer Oase des Vergn\u00fcgens mitten im Gr\u00fcnen<\/li>\n<li>zahlreichen Vergn\u00fcgungen und Themenabenden auch f\u00fcr Erwachsene<\/li>\n<li>Komfort f\u00fcr Ihre vierbeinigen Freunde, <strong>unser Campingplatz ist pet friendly<\/strong><\/li>\n<\/ul>\n<p><strong>Und au\u00dferdem \u2026<\/strong><\/p>\n<ul>\n<li>Das Meer ist in unmittelbarer N\u00e4he, wir befinden uns direkt an der <strong>Strandpromenade von Riccione<\/strong>.<\/li>\n<li>Viale Ceccarini und Viale Dante sind mit dem Fahrrad nur wenige Minuten entfernt, falls Sie gerne shoppen, sind Sie hier richtig!<\/li>\n<li>Und falls Sie sich von erfahrenen H\u00e4nden verw\u00f6hnen lassen m\u00f6chten, die<strong> Thermen von Riccione sind nur 300 m vom Campingplatz entfernt.<\/strong><\/li>\n<\/ul>\n<p><iframe loading=\"lazy\" title=\"WCOM ER Rahmen v4 mix 200630\" width=\"1778\" height=\"1000\" src=\"https:\/\/www.youtube.com\/embed\/si7PPjm_LSo?feature=oembed\" frameborder=\"0\" allow=\"accelerometer; autoplay; clipboard-write; encrypted-media; gyroscope; picture-in-picture; web-share\" allowfullscreen><\/iframe><\/p>\n<p><strong>Kommen Sie uns besuchen, weil \u00fcber uns wurde folgendes gesagt<\/strong>: <em>\u201e\u2026 Wir waren 4 Tage hier und es war wundersch\u00f6n, mit allen n\u00f6tigen Dienstleistungen, Duschen und WCs, alles perfekt sauber, wirklich gutes Restaurant, das Personal ist sehr freundlich und entgegenkommend&#8230; wir werden garantiert wieder kommen&#8230;\u201c<\/em> <strong>[aus Trip Advisor]<\/strong><\/p>\n<p><strong>Was meinen Sie\u2026 haben Sie Lust, gl\u00fccklich zu sein? Wir erwarten Sie auf dem Campingplatz Adria, genie\u00dfen Sie die Freude des Urlaubs!<\/strong><\/p>\n","protected":false},"excerpt":{"rendered":"<p>Wir erwarten Sie in Riccione direkt am Strand! Seit Jahren empfangen wir G\u00e4ste, die sich in vollkommener Freiheit entspannen m\u00f6chten, ohne dabei auf den Komfort der zahlreichen Dienstleistungen zu verzichten, die man auf einem Campingplatz finden kann und finden sollte! Unsere Mission besteht darin, Sie gl\u00fccklich zu machen, unser Motto lautet: #HauptsacheSiesindzufrieden Bringen Sie Folgendes mit: Lust auf Freiheit Lust auf Spa\u00df Lust, eine ganz auf Sie zugeschnittene Art von &#8230;<\/p>\n","protected":false},"author":1,"featured_media":685,"parent":0,"menu_order":128,"comment_status":"closed","ping_status":"open","template":"","meta":{"_acf_changed":false},"class_list":["post-434","page","type-page","status-publish","has-post-thumbnail","hentry"],"acf":[],"_links":{"self":[{"href":"https:\/\/www.campingadria.com\/de\/wp-json\/wp\/v2\/pages\/434","targetHints":{"allow":["GET"]}}],"collection":[{"href":"https:\/\/www.campingadria.com\/de\/wp-json\/wp\/v2\/pages"}],"about":[{"href":"https:\/\/www.campingadria.com\/de\/wp-json\/wp\/v2\/types\/page"}],"author":[{"embeddable":true,"href":"https:\/\/www.campingadria.com\/de\/wp-json\/wp\/v2\/users\/1"}],"replies":[{"embeddable":true,"href":"https:\/\/www.campingadria.com\/de\/wp-json\/wp\/v2\/comments?post=434"}],"version-history":[{"count":0,"href":"https:\/\/www.campingadria.com\/de\/wp-json\/wp\/v2\/pages\/434\/revisions"}],"wp:featuredmedia":[{"embeddable":true,"href":"https:\/\/www.campingadria.com\/de\/wp-json\/wp\/v2\/media\/685"}],"wp:attachment":[{"href":"https:\/\/www.campingadria.com\/de\/wp-json\/wp\/v2\/media?parent=434"}],"curies":[{"name":"wp","href":"https:\/\/api.w.org\/{rel}","templated":true}]}}