{"id":2403,"date":"2021-03-23T10:33:23","date_gmt":"2021-03-23T09:33:23","guid":{"rendered":"http:\/\/www.campingadria.com\/holidays-mobile-home\/"},"modified":"2024-12-23T14:43:57","modified_gmt":"2024-12-23T13:43:57","slug":"urlaub-in-mobilhome","status":"publish","type":"page","link":"https:\/\/www.campingadria.com\/de\/urlaub-in-mobilhome\/","title":{"rendered":"Urlaub in mobilhome"},"content":{"rendered":"<h2>Der exklusive und elegante Aufenthalt f\u00fcr Sie, eine neue Form des Urlaubs auf Camping Adria.<\/h2>\n<p>W\u00e4hlen Sie diesen Sommer einen Urlaub aus Komfort und Eleganz, ohne auf den Kontakt zur Natur zu verzichten.<\/p>\n<p><strong>Der Campingplatz Adria l\u00e4ngs der Strandpromenade von Riccione<\/strong> und nur wenige Schritte von der ber\u00fchmten Viale Ceccarini entfernt, bietet Ihnen eine gro\u00dfe Neuheit: Mobilhome f\u00fcr Ihren Familienurlaub in einer perfekten Mischung aus Eleganz und Komfort, mit der frischen Meeresluft, umgeben von 100.000 m\u00b2 Gr\u00fcnfl\u00e4che eines Parks.<\/p>\n<p>Unsere Mobilhome werden Sie <strong>mit ihren gro\u00dfen m\u00f6blierten Innen<\/strong>&#8211; und Au\u00dfenbereichen begeistern.<\/p>\n<p>Ihr<strong> elegantes und zeitgem\u00e4\u00dfes Design<\/strong> widerspiegelt uns, und bringt uns auf der ersten Kategorie.<\/p>\n<h3>wir verf\u00fcgen von zwei Arten:<\/h3>\n","protected":false},"excerpt":{"rendered":"<p>Der exklusive und elegante Aufenthalt f\u00fcr Sie, eine neue Form des Urlaubs auf Camping Adria. W\u00e4hlen Sie diesen Sommer einen Urlaub aus Komfort und Eleganz, ohne auf den Kontakt zur Natur zu verzichten. Der Campingplatz Adria l\u00e4ngs der Strandpromenade von Riccione und nur wenige Schritte von der ber\u00fchmten Viale Ceccarini entfernt, bietet Ihnen eine gro\u00dfe Neuheit: Mobilhome f\u00fcr Ihren Familienurlaub in einer perfekten Mischung aus Eleganz und Komfort, mit der &#8230;<\/p>\n","protected":false},"author":1,"featured_media":0,"parent":0,"menu_order":3,"comment_status":"closed","ping_status":"closed","template":"template\/template.case-mobili.php","meta":{"_acf_changed":false},"class_list":["post-2403","page","type-page","status-publish","hentry"],"acf":[],"_links":{"self":[{"href":"https:\/\/www.campingadria.com\/de\/wp-json\/wp\/v2\/pages\/2403","targetHints":{"allow":["GET"]}}],"collection":[{"href":"https:\/\/www.campingadria.com\/de\/wp-json\/wp\/v2\/pages"}],"about":[{"href":"https:\/\/www.campingadria.com\/de\/wp-json\/wp\/v2\/types\/page"}],"author":[{"embeddable":true,"href":"https:\/\/www.campingadria.com\/de\/wp-json\/wp\/v2\/users\/1"}],"replies":[{"embeddable":true,"href":"https:\/\/www.campingadria.com\/de\/wp-json\/wp\/v2\/comments?post=2403"}],"version-history":[{"count":0,"href":"https:\/\/www.campingadria.com\/de\/wp-json\/wp\/v2\/pages\/2403\/revisions"}],"wp:attachment":[{"href":"https:\/\/www.campingadria.com\/de\/wp-json\/wp\/v2\/media?parent=2403"}],"curies":[{"name":"wp","href":"https:\/\/api.w.org\/{rel}","templated":true}]}}