{"id":1273,"date":"2017-12-29T11:50:35","date_gmt":"2017-12-29T10:50:35","guid":{"rendered":"http:\/\/www.campingadria.com\/addio-nubilato-celibato-riccione\/"},"modified":"2018-12-21T11:49:23","modified_gmt":"2018-12-21T10:49:23","slug":"junggesellen-und-junggesellinnenabschied-riccione","status":"publish","type":"page","link":"https:\/\/www.campingadria.com\/de\/junggesellen-und-junggesellinnenabschied-riccione\/","title":{"rendered":"Junggesellen- und Junggesellinnenabschied auf dem Campingplatz in Riccione!"},"content":{"rendered":"<h2>Vor dem schicksalhaften JA&#8230; kommen Sie sich in der Natur und in unmittelbarer Meeresn\u00e4he am\u00fcsieren!<\/h2>\n<p>Ein unvergesslicher Moment in Gesellschaft Ihrer besten Freunde und Freundinnen: Kommen Sie auch nur f\u00fcr eine Nacht mit dem Zelt oder Wohnmobil!<br \/>\nWir empfangen Sie mit gutem Wein, 1 Flasche f\u00fcr 4 Personen (Reservierung erforderlich) und bei Bedarf mit einem in der Veranstaltung derartiger Events erfahrenen Berater.<br \/>\nFalls Sie in Riccione heiraten, k\u00f6nnen Sie Ihre Hochzeit am Strand, in einem Schloss oder einer reizenden Jugendstilvilla feiern. Der von der Gemeinde f\u00fcr Hochzeiten bestimmte Strand ist nur 1000 m von uns entfernt!<br \/>\nWas meinen Sie\u2026 verlockt Sie die Idee, die letzte Nacht \u201eals Single\u201c in einer coolen <strong>Stadt wie Riccion<\/strong>e zu verbringen? Super, wir k\u00f6nnen es gar nicht erwarten, unvergessliche Augenblicke f\u00fcr Sie zu organisieren!<\/p>\n<div id='gallery-1' class='gallery galleryid-1273 gallery-columns-3 gallery-size-medium'><figure class='gallery-item'>\n\t\t\t<div class='gallery-icon landscape'>\n\t\t\t\t<a href='https:\/\/www.campingadria.com\/wp-content\/uploads\/2017\/12\/Gallery-matrimonio-01-Adria-Riccione.jpg' data-size=\"800x500\"><img loading=\"lazy\" decoding=\"async\" width=\"640\" height=\"420\" src=\"https:\/\/www.campingadria.com\/wp-content\/uploads\/2017\/12\/Gallery-matrimonio-01-Adria-Riccione-640x420.jpg\" class=\"attachment-medium size-medium\" alt=\"\" \/><\/a>\n\t\t\t<\/div><\/figure><figure class='gallery-item'>\n\t\t\t<div class='gallery-icon landscape'>\n\t\t\t\t<a href='https:\/\/www.campingadria.com\/wp-content\/uploads\/2017\/12\/Gallery-matrimonio-02-Adria-Riccione.jpg' data-size=\"800x500\"><img loading=\"lazy\" decoding=\"async\" width=\"640\" height=\"420\" src=\"https:\/\/www.campingadria.com\/wp-content\/uploads\/2017\/12\/Gallery-matrimonio-02-Adria-Riccione-640x420.jpg\" class=\"attachment-medium size-medium\" alt=\"\" \/><\/a>\n\t\t\t<\/div><\/figure><figure class='gallery-item'>\n\t\t\t<div class='gallery-icon landscape'>\n\t\t\t\t<a href='https:\/\/www.campingadria.com\/wp-content\/uploads\/2017\/12\/Gallery-matrimonio-04-Adria-Riccione.jpg' data-size=\"800x500\"><img loading=\"lazy\" decoding=\"async\" width=\"640\" height=\"420\" src=\"https:\/\/www.campingadria.com\/wp-content\/uploads\/2017\/12\/Gallery-matrimonio-04-Adria-Riccione-640x420.jpg\" class=\"attachment-medium size-medium\" alt=\"\" \/><\/a>\n\t\t\t<\/div><\/figure>\n\t\t<\/div>\n\n","protected":false},"excerpt":{"rendered":"<p>Vor dem schicksalhaften JA&#8230; kommen Sie sich in der Natur und in unmittelbarer Meeresn\u00e4he am\u00fcsieren! Ein unvergesslicher Moment in Gesellschaft Ihrer besten Freunde und Freundinnen: Kommen Sie auch nur f\u00fcr eine Nacht mit dem Zelt oder Wohnmobil! Wir empfangen Sie mit gutem Wein, 1 Flasche f\u00fcr 4 Personen (Reservierung erforderlich) und bei Bedarf mit einem in der Veranstaltung derartiger Events erfahrenen Berater. Falls Sie in Riccione heiraten, k\u00f6nnen Sie Ihre &#8230;<\/p>\n","protected":false},"author":1,"featured_media":1230,"parent":0,"menu_order":41,"comment_status":"closed","ping_status":"closed","template":"template\/template.curiosita.php","meta":{"_acf_changed":false},"class_list":["post-1273","page","type-page","status-publish","has-post-thumbnail","hentry"],"acf":[],"_links":{"self":[{"href":"https:\/\/www.campingadria.com\/de\/wp-json\/wp\/v2\/pages\/1273","targetHints":{"allow":["GET"]}}],"collection":[{"href":"https:\/\/www.campingadria.com\/de\/wp-json\/wp\/v2\/pages"}],"about":[{"href":"https:\/\/www.campingadria.com\/de\/wp-json\/wp\/v2\/types\/page"}],"author":[{"embeddable":true,"href":"https:\/\/www.campingadria.com\/de\/wp-json\/wp\/v2\/users\/1"}],"replies":[{"embeddable":true,"href":"https:\/\/www.campingadria.com\/de\/wp-json\/wp\/v2\/comments?post=1273"}],"version-history":[{"count":0,"href":"https:\/\/www.campingadria.com\/de\/wp-json\/wp\/v2\/pages\/1273\/revisions"}],"wp:featuredmedia":[{"embeddable":true,"href":"https:\/\/www.campingadria.com\/de\/wp-json\/wp\/v2\/media\/1230"}],"wp:attachment":[{"href":"https:\/\/www.campingadria.com\/de\/wp-json\/wp\/v2\/media?parent=1273"}],"curies":[{"name":"wp","href":"https:\/\/api.w.org\/{rel}","templated":true}]}}