{"id":1256,"date":"2017-12-29T11:15:03","date_gmt":"2017-12-29T10:15:03","guid":{"rendered":"http:\/\/www.campingadria.com\/domande-frequenti\/"},"modified":"2019-01-25T14:14:47","modified_gmt":"2019-01-25T13:14:47","slug":"die-haeufigsten-fragen","status":"publish","type":"page","link":"https:\/\/www.campingadria.com\/de\/die-haeufigsten-fragen\/","title":{"rendered":"Die h\u00e4ufigsten Fragen"},"content":{"rendered":"<ul>\n<li><strong>Wie viel Ampere weist der Stromanschluss auf? Wie lang sollte das mitzubringende Stromkabel sein?<\/strong> Der Stromanschluss ist je nach Zeltplatz f\u00fcr 6 Ampere (1320 Watt) oder 10 Ampere (2200 Watt) ausgerichtet. Wir empfehlen, ein mindestens 20 Meter langes Kabel mit CEI-Stecker (blau) mitzunehmen.<br \/>\nGibt es auf dem Campingplatz Bungalows, Mobilehomes oder Wohnwagen zum Mieten? Nein. Wir haben nur Zeltpl\u00e4tze, f\u00fcr die Ausr\u00fcstung (Campingbus, Zelt, Wohnmobil) m\u00fcssen Sie selbst sorgen.<\/li>\n<li><strong>Ist Besuch von Freunden und Verwandten erlaubt?<\/strong> Selbstverst\u00e4ndlich! G\u00e4ste, die hier \u00fcbernachten, m\u00fcssen sich bei der Rezeption eintragen lassen. Alle, die nicht \u00fcbernachten, m\u00fcssen sich nicht eintragen, aber einen Personalausweis abgeben; falls sie l\u00e4nger als eine Stunde bleiben, wird der Tagestarif f\u00fcr die entsprechende Saison verrechnet.<br \/>\nWas ist der Camping-Pass? Der Camping-Pass besteht in einem bunten Armband zur internen Erkennung, das den Zugang zum Camping erleichtert und beschleunigt. Aus Sicherheitsgr\u00fcnden ist der Eintritt allen verboten, die es nicht tragen.<\/li>\n<li><strong>Ist ein Mindestaufenthalt vorgesehen?<\/strong> Nein, man kann auch nur eine einzige Nacht bleiben. In einigen Zeitr\u00e4umen m\u00fcssen mindestens 1 oder 2 Personen gebucht werden.<br \/>\nWelche Zahlungsmethoden werden akzeptiert? Haben Sie einen Geldautomat? Man kann mit italienischer Bancomat-Karte oder Kreditkarte (Pagobancomat, Visa, Mastercard, Maestro, Diners Club International) zahlen. Wir akzeptieren bis zum gesetzlich zugelassenen Betrag auch Barzahlung. Auf dem Campingplatz gibt es einen rund um die Uhr funktionierenden Geldautomat.<\/li>\n<li><strong>Gibt es auf dem Campingplatz ein Schwimmbecken? Sondertarife f\u00fcr die Strandb\u00e4der?<\/strong> Auf dem Campingplatz gibt es kein Schwimmbecken. Er befindet sich gleich beim Meer, man muss nur die Strandpromenade auf dem Zebrastreifen \u00fcberqueren, und schon ist man auf einem Sandstrand mit allem Komfort. Keine Sondertarife, unsere G\u00e4ste k\u00f6nnen frei w\u00e4hlen, welcher Bademeister ihnen am sympathischsten ist! Nur 100 Meter vom Campingplatz entfernt befindet sich auch ein kostenloser freier Strand.<\/li>\n<li><strong>Gibt es auf dem Campingplatz Wi-Fi?<\/strong> Ist die Verbindung kostenpflichtig? Auf dem Campingplatz gibt es einen kostenlosen Glasfaser-Wi-Fi-Dienst, der den ganzen Bereich abdeckt. Um Internet zu nutzen, m\u00fcssen Sie einfach auf der Seite, die ge\u00f6ffnet wird, Ihre Daten eingeben und der Datenschutzerkl\u00e4rung zustimmen.<\/li>\n<li><strong>Gibt es eine Wertgegenst\u00e4nde-Aufbewahrung?<\/strong> Schlie\u00dff\u00e4cher? Der Campingplatz stellt kostenlos Schlie\u00dff\u00e4cher zur Verf\u00fcgung. Au\u00dferdem kann kostenlos von 8 bis 20 Uhr Geld im B\u00fcro hinterlegt werden; pro Zeltplatz ist eine Hinterlegung erlaubt.<\/li>\n<li><strong>Kann man auf dem Zeltplatz grillen?<\/strong> Auf dem Zeltplatz darf nicht gegrillt werden. Es gibt einen gut ausgestatteten Picknickbereich mit zahlreichen Grillpl\u00e4tzen und Tischen; au\u00dferdem gibt es in anderen Bereich des Campingplatzes Grillpl\u00e4tze.<\/li>\n<li><strong>Welche Check-in- und Check-out-Zeiten sind einzuhalten?<\/strong> Das Einchecken ist von 7 Uhr fr\u00fch bis 23 Uhr m\u00f6glich, w\u00e4hrend das Auschecken bis sp\u00e4testens 18 (in der Hochsaison 14 Uhr) erlaubt ist. Der Anreisetag wird verrechnet, nicht aber der Abreisetag, insofern man den Campingplatz vor der Check-out-Frist verl\u00e4sst.<\/li>\n<li><strong>Wie gelangt man mit dem Auto zum Campingplatz?<\/strong> Autobahn A14, Ausfahrt Riccione. Nachdem Sie die Staatsstra\u00dfe \u201eStrada Statale Adriatica\u201c erreicht haben, biegen Sie rechts in Richtung S\u00fcden nach Cattolica ab und folgen Sie der Beschilderung zum Campingplatz.<\/li>\n<li><strong>D\u00fcrfen auch nur Minderj\u00e4hrige ohne Erwachsene \u00fcbernachten?<\/strong> Ja, ein Elternteil oder gesetzlicher Vormund muss das Formular \u201eGenehmigung f\u00fcr Minderj\u00e4hrige\u201c (kann auf der Seite \u201ePreise\u201c heruntergeladen werden) ausf\u00fcllen und unterzeichnen sowie eine Kopie eines Ausweises beilegen. Bei der Ankunft auf dem Campingplatz muss der Minderj\u00e4hrige das Formular und seinen Ausweis, der f\u00fcr die zur Eintragung n\u00f6tige Zeit behalten wird, abgeben. Laden Sie hier das<strong> Formular f\u00fcr die Genehmigung f\u00fcr Minderj\u00e4hrige herunter.<\/strong><\/li>\n<\/ul>\n","protected":false},"excerpt":{"rendered":"<p>Wie viel Ampere weist der Stromanschluss auf? Wie lang sollte das mitzubringende Stromkabel sein? Der Stromanschluss ist je nach Zeltplatz f\u00fcr 6 Ampere (1320 Watt) oder 10 Ampere (2200 Watt) ausgerichtet. Wir empfehlen, ein mindestens 20 Meter langes Kabel mit CEI-Stecker (blau) mitzunehmen. Gibt es auf dem Campingplatz Bungalows, Mobilehomes oder Wohnwagen zum Mieten? Nein. Wir haben nur Zeltpl\u00e4tze, f\u00fcr die Ausr\u00fcstung (Campingbus, Zelt, Wohnmobil) m\u00fcssen Sie selbst sorgen. Ist &#8230;<\/p>\n","protected":false},"author":1,"featured_media":0,"parent":0,"menu_order":83,"comment_status":"closed","ping_status":"closed","template":"","meta":{"_acf_changed":false},"class_list":["post-1256","page","type-page","status-publish","hentry"],"acf":[],"_links":{"self":[{"href":"https:\/\/www.campingadria.com\/de\/wp-json\/wp\/v2\/pages\/1256","targetHints":{"allow":["GET"]}}],"collection":[{"href":"https:\/\/www.campingadria.com\/de\/wp-json\/wp\/v2\/pages"}],"about":[{"href":"https:\/\/www.campingadria.com\/de\/wp-json\/wp\/v2\/types\/page"}],"author":[{"embeddable":true,"href":"https:\/\/www.campingadria.com\/de\/wp-json\/wp\/v2\/users\/1"}],"replies":[{"embeddable":true,"href":"https:\/\/www.campingadria.com\/de\/wp-json\/wp\/v2\/comments?post=1256"}],"version-history":[{"count":0,"href":"https:\/\/www.campingadria.com\/de\/wp-json\/wp\/v2\/pages\/1256\/revisions"}],"wp:attachment":[{"href":"https:\/\/www.campingadria.com\/de\/wp-json\/wp\/v2\/media?parent=1256"}],"curies":[{"name":"wp","href":"https:\/\/api.w.org\/{rel}","templated":true}]}}