{"id":1254,"date":"2018-12-19T14:29:44","date_gmt":"2018-12-19T13:29:44","guid":{"rendered":"http:\/\/www.campingadria.com\/borghi-entroterra-riccione\/"},"modified":"2018-12-20T17:47:32","modified_gmt":"2018-12-20T16:47:32","slug":"staedte-hinterland-riccione","status":"publish","type":"page","link":"https:\/\/www.campingadria.com\/de\/staedte-hinterland-riccione\/","title":{"rendered":"Und wenn man von Riccione in Richtung der H\u00fcgel f\u00e4hrt?"},"content":{"rendered":"<h2>Kommen Sie und entdecken Sie die mittelalterlichen D\u00f6rfern .<\/h2>\n<p>Ein Gebiet voll Geschichte, Traditionen und Farben erwartet Sie nur wenige km von den Str\u00e4nden und dem Nachtleben entfernt.<br \/>\nMit dem Fahrrad, Bus oder Auto k\u00f6nnen Sie zu den <strong>Burgen und D\u00f6rfern<\/strong> in der <strong>Umgebung von Riccione<\/strong> gelangen, Sie werden garantiert von den bezaubernden Landschaften und fesselnden Geschichten, die zum Tr\u00e4umen anregen, fasziniert sein und, warum nicht, den Tag mit gutem Essen und Wein mit dem Blick auf das Meer am Horizont kr\u00f6nen. Unm\u00f6glich, diese Einladung abzulehnen!<\/p>\n<h3>Lasst uns einen Ausflug von Riccione in Richtung der H\u00fcgel machen.<\/h3>\n<ul>\n<li><strong>Coriano<\/strong> (8 km): Sehenswert sind der Flusspark des Flusses Marano und das Rio Melo-Tal. Kosten sollten Sie unbedingt den Sangiovese-Wein und die Oliven!<\/li>\n<li><strong>San Clemente<\/strong> (13 km): Dieses malerische, von der Stadtmauer der Malatesta eingerahmte Dorf mit seiner vom Architekten des Papstes entworfenen Pfarrkirche ist absolut sehenswert. Im Mai ist das Weinfest ein Pflichttermin.<\/li>\n<li><strong>Gradara<\/strong> (14 km): Das Dorf von Paolo und Francesca, von deren Liebe unter anderem von Dante Alighieri berichtet wurde, mit der malerischen Festung.<\/li>\n<li><strong>San Giovanni in Marignano<\/strong> (15 km): Auch \u201eGetreidespeicher der Malatesta\u201c genannt. Sehenswert sind hier das Teatro Massari, die Kirchen Santa Lucia und San Pietro sowie das stimmungsvolle Hexenfest (Festa delle Streghe), an dem Sie unbedingt teilnehmen sollten.<\/li>\n<li><strong>Gemmano<\/strong> (19 km): F\u00fcr die H\u00f6hlen \u201eGrotte di Onferno\u201c und die Weine Sangiovese und Trebbiano bekannt.<\/li>\n<li><strong>Montecolombo<\/strong> (20 km): Zu bewundern sind hier die Burg aus dem 11. Jahrhundert und die Kirche San Martino mit dem Gem\u00e4lde des Brancaleoni. F\u00fcr den Gaumen finden im Sommer das Fest der Kutteln und der Strozzapreti (eine Nudelart) statt.<\/li>\n<li><strong>Montefiore Conca<\/strong> (20 km): Einfach atemberaubend ist die Burg. Nicht vers\u00e4umen sollte man das Kulturprogramm Rocca di Luna und MangiarSano (Gesund essen). Unvergessliche Gen\u00fcsse hingegen findet man auf dem Kastanienfest.<\/li>\n<li><strong>Montescudo<\/strong> (21 km): Es handelt sich um eine faszinierende Festung der Malatesta. In der Pfarrkirche SS. Biagio e Simone aus dem 12. Jahrhundert kann das Holzkruzifix bewundert werden.<\/li>\n<li><strong>Santarcangelo di Romagna<\/strong> (25 km): Eines der sch\u00f6nsten D\u00f6rfer in der ganzen Romagna. Von hier aus genie\u00dft man den Blick auf den H\u00fcgel Monte Giove mit der Burg \u201eRocca Malatestiana\u201c und kann an zahlreichen im Sommer organisierten kulturellen und traditionellen Veranstaltungen teilnehmen. Die ber\u00fchmteste darunter ist das Santarcangelo Festival.<\/li>\n<li><strong>Saludecio<\/strong> (25 km): Ber\u00fchmt f\u00fcr Salus Erbae (den Kr\u00e4utern und Naturheilmitteln gewidmete Veranstaltung) und das Ottocento Festival (Festival des 19. Jahrhunderts) mit seinem Musik- und Theaterprogramm.<\/li>\n<li><strong>Poggio Berni<\/strong> (28 km): Dieses Dorf mit dem majest\u00e4tischen Palazzo Macrosanti liegt zwischen den Fl\u00fcssen Uso und Marecchia.<\/li>\n<li><strong>Montegridolfo<\/strong> (29 km): Einen Besuch wert sind die Burg \u201eCastello Malatestiano\u201c aus dem 14. Jahrhundert und die Kirche San Rocco mit einem Gem\u00e4lde des Cagnacci.<\/li>\n<li><strong>Verucchio<\/strong> (29 km): Die Festung \u201eRocca del Sasso\u201c \u00fcberragt das gesamte Tal. Verucchio war die Wiege der Familie Malatesta und ist reich an Sehensw\u00fcrdigkeiten und alten Geschichten. Unbedingt sehenswert sind die Pfarrkirche aus dem 10. Jahrhundert und das Verucchio Festival.<\/li>\n<li><strong>San Marino<\/strong> (33 km): Diese kleine Gemeinde auf dem Monte Titano ist in Wahrheit ein unabh\u00e4ngiger Staat. Ein absolutes Muss ist die Tour der drei T\u00fcrme; au\u00dferdem sollten Sie unbedingt die Basilica del Santo und das Kloster Santa Chiara mit seinen Ausstellungen besichtigen. Ber\u00fchmt ist der Wettkampf der Armbrustsch\u00fctzen \u201ePalio delle Balestre Grandi\u201c.<\/li>\n<li><strong>Torriana und Montebello<\/strong> (35 km): Zwei D\u00f6rfer mitten im Gr\u00fcnen. Wundersch\u00f6n ist die Burg von Mons Belli (Montebello), eine typische Feudalsfestung.<\/li>\n<li><strong>Talamello<\/strong> (41 km): Es ist am Fu\u00dfe des Bergs Pincio gelegen. Ber\u00fchmt ist es f\u00fcr seine Kastanienw\u00e4lder und seine Burg, die zuerst der Familie Della Faggiola geh\u00f6rte und dann auf die Malatesta \u00fcberging.<\/li>\n<li><strong>Novafeltria<\/strong> (42 km): Urspr\u00fcnglich als Mercatino Marecchia bekannt. Sehenswertes in der Umgebung: das Museum Sulphur in Perticara und die Pfarrkirche Santa Maria in Vico.<\/li>\n<li><strong>San Leo<\/strong> (45 km): Das Dorf des Grafen Cagliostro und der Festung, die einst als Kerker diente, in der der Alchimist eingesperrt war. Dieser kleine Ort wurde zur Kunststadt ernannt.<\/li>\n<li><strong>Urbino<\/strong> (52 km): UNESCO-Welterbe, die Stadt von Raffaello Sanzio, ist reich an Kunst und Geschichte. Palazzo Ducale, Piazza del Mercatale, Piazza Rinascimento, der Dom, die Galleria Nazionale delle Marche, das Oratorio di S. Giuseppe und Piazzale Roma. Eine Wiege, die zahlreiche entdeckenswerte Perlen hervorbrachte.<\/li>\n<li><strong>Sant&#8217;Agata Feltria<\/strong> (55 km): Ein reizendes Dorf mit anregenden Aussichten. Ber\u00fchmt als \u201eWeihnachtsdorf\u201c.<\/li>\n<li><strong>Pennabilli<\/strong> (58 km): Der Ort des Dichters Tonino Guerra, das f\u00fcr die Stra\u00dfenk\u00fcnstlerveranstaltung \u201eArtisti in Piazza\u201c bekannt ist. Das Dorf liegt im Gebiet des Naturparks \u201eParco Sasso Simone e Simoncello\u201c.<\/li>\n<li><strong>Casteldelci<\/strong> (65 km): Eine Zeitreise in das Mittelalter: In diesem Dorf kann der Besucher die T\u00fcrme von Gattara, den Turm del Monte und den Glockenturm (Torre Campanaria), wahre Augenweiden, bewundern. Interessant ist auch der Besuch des Casa Museo, um die Geschichte dieser Orte bis ins Mittelalter kennenzulernen.<\/li>\n<\/ul>\n","protected":false},"excerpt":{"rendered":"<p>Kommen Sie und entdecken Sie die mittelalterlichen D\u00f6rfern . Ein Gebiet voll Geschichte, Traditionen und Farben erwartet Sie nur wenige km von den Str\u00e4nden und dem Nachtleben entfernt. Mit dem Fahrrad, Bus oder Auto k\u00f6nnen Sie zu den Burgen und D\u00f6rfern in der Umgebung von Riccione gelangen, Sie werden garantiert von den bezaubernden Landschaften und fesselnden Geschichten, die zum Tr\u00e4umen anregen, fasziniert sein und, warum nicht, den Tag mit gutem &#8230;<\/p>\n","protected":false},"author":1,"featured_media":1236,"parent":0,"menu_order":31,"comment_status":"closed","ping_status":"closed","template":"template\/template.curiosita.php","meta":{"_acf_changed":false},"class_list":["post-1254","page","type-page","status-publish","has-post-thumbnail","hentry"],"acf":[],"_links":{"self":[{"href":"https:\/\/www.campingadria.com\/de\/wp-json\/wp\/v2\/pages\/1254","targetHints":{"allow":["GET"]}}],"collection":[{"href":"https:\/\/www.campingadria.com\/de\/wp-json\/wp\/v2\/pages"}],"about":[{"href":"https:\/\/www.campingadria.com\/de\/wp-json\/wp\/v2\/types\/page"}],"author":[{"embeddable":true,"href":"https:\/\/www.campingadria.com\/de\/wp-json\/wp\/v2\/users\/1"}],"replies":[{"embeddable":true,"href":"https:\/\/www.campingadria.com\/de\/wp-json\/wp\/v2\/comments?post=1254"}],"version-history":[{"count":0,"href":"https:\/\/www.campingadria.com\/de\/wp-json\/wp\/v2\/pages\/1254\/revisions"}],"wp:featuredmedia":[{"embeddable":true,"href":"https:\/\/www.campingadria.com\/de\/wp-json\/wp\/v2\/media\/1236"}],"wp:attachment":[{"href":"https:\/\/www.campingadria.com\/de\/wp-json\/wp\/v2\/media?parent=1254"}],"curies":[{"name":"wp","href":"https:\/\/api.w.org\/{rel}","templated":true}]}}