{"id":1252,"date":"2018-05-22T12:25:14","date_gmt":"2018-05-22T10:25:14","guid":{"rendered":"http:\/\/www.campingadria.com\/misano-world-circuit\/"},"modified":"2018-12-20T17:38:35","modified_gmt":"2018-12-20T16:38:35","slug":"misano-world-circuit","status":"publish","type":"page","link":"https:\/\/www.campingadria.com\/de\/misano-world-circuit\/","title":{"rendered":"Sie sind leidenschaftlicher Motorradfahrer? Kommen Sie nach Riccione"},"content":{"rendered":"<h2>Wir sind in der N\u00e4he des Misano World Circuits!<\/h2>\n<p><strong>H\u00f6ren Sie das Dr\u00f6hnen der Motoren? Sie sind in der Romagna!<\/strong><br \/>\nIn unserem Dialekt sagen wir <em>\u201eTla\u2019 tera di mutor\u201c<\/em>, das Land der Motoren. Zahlreiche Champions stammen aus dieser Region: Marco Simoncelli, Valentino Rossi, Capirossi, Dovizioso oder Melandri, um nur einige zu nennen. In diesem Gebiet sind<strong> Ducati und der Gro\u00dfe Preis von San Marino zuhause.<\/strong><br \/>\nFalls Sie gerne auf dem Sattel Ihres Motorrads unterwegs sind und Motorradrennen lieben, bei denen es um die Geschwindigkeit geht, sollten Sie wissen, dass wir uns nur wenige km vom Marco Simoncelli gewidmeten <strong>Misano World Circuit<\/strong> befinden, auf dem Moto GP, Superbike, Raduno Ducati und Super Track stattfinden &#8211; das sind nur einige der Gr\u00fcnde, aus denen Sie uns besuchen sollten.<br \/>\nJa, denn neben den zahlreichen Terminen auf der Rennstrecke von Misano k\u00f6nnen Sie mit Ihrem Motorrad die faszinierenden, malerischen Landschaften in der N\u00e4he von Riccione genie\u00dfen!<\/p>\n<h3>\nBesonders anregend ist die Tour durch die sch\u00f6nsten D\u00f6rfer der Romagna.<\/h3>\n<p><strong>152 km in 4 Stunden durch<\/strong>: Imola, Faenza, Brisighella, Modigliana, Castrocaro Terme, Predappio, Teodorano und Sogliano al Rubicone.<\/p>\n<ul>\n<li>Los geht es in Dozza gleich bei Imola. Dieser kleine Ort wird Dorf der Wandmalerei genannt, weil die W\u00e4nde des St\u00e4dtchens mit wahren Kunstwerken verziert sind.<br \/>\nVom Landesinneren bei Imola fahren wir Richtung Faenza, der Stadt der Keramik, und von dort nach Brisighella mit der Festung Rocca Manfrediana weiter.<\/li>\n<li>Weiterhin auf dem Sattel des Motorrads geht es weiter nach Modigliana in der Provinz Forl\u00ec mit der alten Burg, und von dort zuerst nach Castrocaro Terme, das f\u00fcr sein wohltuendes Wasser bekannt ist, und schlie\u00dflich nach Predappio, dem Dorf von Mussolini.<\/li>\n<li>Das n\u00e4chste Ziel ist Teodorano in der N\u00e4he von Meldola und schlie\u00dflich Sogliano al Rubicone mit seinen alten Stra\u00dfen und seinem guten Essen. Von Sogliano gelangen wir nach San Leo mit seiner imposanten Burg und den Geheimnissen des Alchemisten Cagliostro.<\/li>\n<li>Nun sind Sie fast in San Marino, das sicher einen Besuch wert ist, und von dort ist es nicht weit zum <strong>Camping Adria in Riccione!<\/strong><\/li>\n<\/ul>\n<p><strong>Wir erwarten Sie!<\/strong><\/p>\n<div id='gallery-1' class='gallery galleryid-1252 gallery-columns-3 gallery-size-thumbnail'><figure class='gallery-item'>\n\t\t\t<div class='gallery-icon landscape'>\n\t\t\t\t<a href='https:\/\/www.campingadria.com\/de\/fotogallerie\/gallery-02-camping-adria-riccione-2\/' data-size=\"800x500\"><img loading=\"lazy\" decoding=\"async\" width=\"300\" height=\"300\" src=\"https:\/\/www.campingadria.com\/wp-content\/uploads\/2018\/01\/Gallery-02-Camping-Adria-Riccione-300x300.jpg\" class=\"attachment-thumbnail size-thumbnail\" alt=\"\" \/><\/a>\n\t\t\t<\/div><\/figure><figure class='gallery-item'>\n\t\t\t<div class='gallery-icon landscape'>\n\t\t\t\t<a href='https:\/\/www.campingadria.com\/de\/fotogallerie\/gallery-05-camping-adria-riccione-2\/' data-size=\"800x500\"><img loading=\"lazy\" decoding=\"async\" width=\"300\" height=\"300\" src=\"https:\/\/www.campingadria.com\/wp-content\/uploads\/2018\/01\/Gallery-05-Camping-Adria-Riccione-300x300.jpg\" class=\"attachment-thumbnail size-thumbnail\" alt=\"\" \/><\/a>\n\t\t\t<\/div><\/figure><figure class='gallery-item'>\n\t\t\t<div class='gallery-icon landscape'>\n\t\t\t\t<a href='https:\/\/www.campingadria.com\/de\/fotogallerie\/gallery-06-camping-adria-riccione-2\/' data-size=\"800x500\"><img loading=\"lazy\" decoding=\"async\" width=\"300\" height=\"300\" src=\"https:\/\/www.campingadria.com\/wp-content\/uploads\/2018\/01\/Gallery-06-Camping-Adria-Riccione-300x300.jpg\" class=\"attachment-thumbnail size-thumbnail\" alt=\"\" \/><\/a>\n\t\t\t<\/div><\/figure>\n\t\t<\/div>\n\n<p>&nbsp;<\/p>\n<p>&nbsp;<\/p>\n","protected":false},"excerpt":{"rendered":"<p>Wir sind in der N\u00e4he des Misano World Circuits! H\u00f6ren Sie das Dr\u00f6hnen der Motoren? Sie sind in der Romagna! In unserem Dialekt sagen wir \u201eTla\u2019 tera di mutor\u201c, das Land der Motoren. Zahlreiche Champions stammen aus dieser Region: Marco Simoncelli, Valentino Rossi, Capirossi, Dovizioso oder Melandri, um nur einige zu nennen. In diesem Gebiet sind Ducati und der Gro\u00dfe Preis von San Marino zuhause. Falls Sie gerne auf dem &#8230;<\/p>\n","protected":false},"author":4,"featured_media":1226,"parent":0,"menu_order":37,"comment_status":"closed","ping_status":"closed","template":"template\/template.curiosita.php","meta":{"_acf_changed":false},"class_list":["post-1252","page","type-page","status-publish","has-post-thumbnail","hentry"],"acf":[],"_links":{"self":[{"href":"https:\/\/www.campingadria.com\/de\/wp-json\/wp\/v2\/pages\/1252","targetHints":{"allow":["GET"]}}],"collection":[{"href":"https:\/\/www.campingadria.com\/de\/wp-json\/wp\/v2\/pages"}],"about":[{"href":"https:\/\/www.campingadria.com\/de\/wp-json\/wp\/v2\/types\/page"}],"author":[{"embeddable":true,"href":"https:\/\/www.campingadria.com\/de\/wp-json\/wp\/v2\/users\/4"}],"replies":[{"embeddable":true,"href":"https:\/\/www.campingadria.com\/de\/wp-json\/wp\/v2\/comments?post=1252"}],"version-history":[{"count":0,"href":"https:\/\/www.campingadria.com\/de\/wp-json\/wp\/v2\/pages\/1252\/revisions"}],"wp:featuredmedia":[{"embeddable":true,"href":"https:\/\/www.campingadria.com\/de\/wp-json\/wp\/v2\/media\/1226"}],"wp:attachment":[{"href":"https:\/\/www.campingadria.com\/de\/wp-json\/wp\/v2\/media?parent=1252"}],"curies":[{"name":"wp","href":"https:\/\/api.w.org\/{rel}","templated":true}]}}