{"id":1250,"date":"2018-05-14T00:50:22","date_gmt":"2018-05-13T22:50:22","guid":{"rendered":"http:\/\/www.campingadria.com\/vacanze-riccione\/"},"modified":"2018-12-20T17:13:09","modified_gmt":"2018-12-20T16:13:09","slug":"ferien-riccione","status":"publish","type":"page","link":"https:\/\/www.campingadria.com\/de\/ferien-riccione\/","title":{"rendered":"Entdecken Sie die unbekannteren Seiten von Riccione!"},"content":{"rendered":"<p>Wenn Sie diese Seite lesen, sind Sie wahrscheinlich neugierig, wo Riccione ist und was Sie hier entdecken k\u00f6nnten.<br \/>\n<strong>Wir wurden in Riccione geboren und m\u00f6chten Sie auf einer Entdeckungsreise eines Gebiets begleiten, das wir wie unsere Westentasche kennen!<\/strong><\/p>\n<p>Riccione liegt 12 km von Rimini entfernt direkt an den Str\u00e4nden der Riviera Romagnola an der Adria. Es gilt seit jeher als Ort der Mode, Innovation, Tendenz, des Geschmacks und der Entspannung.<\/p>\n<p><strong>In Riccione k\u00f6nnen Sie:<\/strong><\/p>\n<ul>\n<li>shoppen<\/li>\n<li>Sport betreiben, indem Sie die Radwege nutzen, im Schwimmstadion schwimmen oder Wind- oder Kite-surfen<\/li>\n<li>ganzj\u00e4hrig zu Konzerten und Veranstaltungen gehen.<\/li>\n<\/ul>\n<p>Es wird auch die Gr\u00fcne Perle der Adria genannt und ist unter anderem f\u00fcr Viale Ceccarini und Viale Dante, die von Radio Deejay belebten Stra\u00dfen der Movida, bekannt.<\/p>\n<p>In der <strong>Rosa Nacht<\/strong>, einem wahren Sommersilvester, erstrahlt der Sommer in allen Farben: Riccione f\u00fcllt sich mit K\u00fcnstlern und Reisenden, die nach Unterhaltung suchen und sich von der fr\u00f6hlichen Stimmung der Romagna mitrei\u00dfen lassen m\u00f6chten.<\/p>\n<p>Die Str\u00e4nde sind mit allem Komfort ausgestattet und bieten Animation und zahlreiche Spiele f\u00fcr Gro\u00df und Klein. Die <strong>Happy Hours<\/strong>, die Wellness- und Fitness-Momente, die tierfreundlichen Str\u00e4nde und die, auf denen Sie sich in bequemen Wassermassagebecken entspannen k\u00f6nnen\u2026 in Riccione ist alles m\u00f6glich!<\/p>\n<p>Im <strong>Palacongressi<\/strong> finden zahlreiche Veranstaltungen statt, die Thermen bieten viele Gelegenheiten zur Entspannung, au\u00dferdem werden Verkostungen und kulinarische Feste organisiert. Interessant sind auch die historischen und k\u00fcnstlerischen Sehensw\u00fcrdigkeiten: Villa Franceschi mit der Galerie f\u00fcr moderne Kunst, Villa Mussolini, ehemaliger Wohnsitz des Duce, das Centro Civico della Pesa mit dem Gebietsmuseum, in dem die Geschichte des Gebiets von der Vorgeschichte bis ins r\u00f6mische Zeitalter nachvollzogen wird.<\/p>\n<p>Und f\u00fcr das Nachtleben in der Stadt stehen die innovativsten Discos zur Verf\u00fcgung. Viele jungen Menschen kommen her, um die N\u00e4chte in Discos wie Cocoric\u00f2, Peter Pan, Villa delle Rose oder den Lokalen im Stadtteil Marano<strong> direkt am Stran<\/strong>d zu verbringen. Die Musik und die Lust, immer mit der Mode Schritt zu halten, sind hier zuhause und eine Garantie f\u00fcr unvergessliche Abende.<\/p>\n<p><strong>Und die Vergn\u00fcgungsparks? In Riccione finden Sie:<\/strong><\/p>\n<ul>\n<li><strong>Aquafan<\/strong>, der ber\u00fchmteste Wasserpark in Europa<\/li>\n<li><strong>Oltremare<\/strong> und die Geheimnisse der Meeresgr\u00fcnde<\/li>\n<li><strong>Indiana Golf<\/strong> (nur 400 m von uns entfernt), ein Minigolfplatz f\u00fcr Gro\u00df und Klein<\/li>\n<li><strong>Perle d&#8217;Acqua<\/strong> (nur 600 m von uns entfernt), eine Wellnessoase mit Wasserspielen<\/li>\n<li><strong>Fondazione Cetacea Onlus<\/strong> (nur 700 m vom Campingplatz), in der man Schildkr\u00f6ten bewundern kann<\/li>\n<li>Und nur 800 m vom Campingplatz entfernt ein am\u00fcsanter Vergn\u00fcgungspark<\/li>\n<\/ul>\n<p><strong>Nicht weit von Riccione entfernt finden Sie au\u00dferdem:<\/strong><\/p>\n<ul>\n<li><strong>Fiabilandia<\/strong>: In Miramare di Rimini k\u00f6nnen Sie in die Welt der M\u00e4rchen eintauchen<\/li>\n<li><strong>Italia in Miniatura<\/strong>: In Rimini erwartet Sie eine Reise inmitten der Sehensw\u00fcrdigkeiten Italiens im Kleinformat<\/li>\n<li><strong>Aquarium von Cattolica<\/strong>: Hier k\u00f6nnen Sie Haie und zahlreiche Meerestiere bewundern<\/li>\n<\/ul>\n<div id='gallery-1' class='gallery galleryid-1250 gallery-columns-3 gallery-size-thumbnail'><figure class='gallery-item'>\n\t\t\t<div class='gallery-icon landscape'>\n\t\t\t\t<a href='https:\/\/www.campingadria.com\/wp-content\/uploads\/2018\/05\/aquafan-camping-adria1.jpg' data-size=\"1800x1080\"><img loading=\"lazy\" decoding=\"async\" width=\"300\" height=\"300\" src=\"https:\/\/www.campingadria.com\/wp-content\/uploads\/2018\/05\/aquafan-camping-adria1-300x300.jpg\" class=\"attachment-thumbnail size-thumbnail\" alt=\"\" \/><\/a>\n\t\t\t<\/div><\/figure><figure class='gallery-item'>\n\t\t\t<div class='gallery-icon landscape'>\n\t\t\t\t<a href='https:\/\/www.campingadria.com\/wp-content\/uploads\/2018\/05\/oltremare-camping-adria.jpg' data-size=\"1800x1080\"><img loading=\"lazy\" decoding=\"async\" width=\"300\" height=\"300\" src=\"https:\/\/www.campingadria.com\/wp-content\/uploads\/2018\/05\/oltremare-camping-adria-300x300.jpg\" class=\"attachment-thumbnail size-thumbnail\" alt=\"\" \/><\/a>\n\t\t\t<\/div><\/figure><figure class='gallery-item'>\n\t\t\t<div class='gallery-icon landscape'>\n\t\t\t\t<a href='https:\/\/www.campingadria.com\/wp-content\/uploads\/2018\/05\/fiabilandia-camping-adria.jpg' data-size=\"1800x1080\"><img loading=\"lazy\" decoding=\"async\" width=\"300\" height=\"300\" src=\"https:\/\/www.campingadria.com\/wp-content\/uploads\/2018\/05\/fiabilandia-camping-adria-300x300.jpg\" class=\"attachment-thumbnail size-thumbnail\" alt=\"\" \/><\/a>\n\t\t\t<\/div><\/figure>\n\t\t<\/div>\n\n<p>Entdeckenswert sind au\u00dferdem die alten, traditionsreichen D\u00f6rfer, aber das ist eine andere Geschichte.<br \/>\nNun m\u00fcssen Sie uns nur mehr besuchen! Wir freuen uns, Ihnen Tipps geben zu k\u00f6nnen, um einen wirklich tollen Urlaub zu erleben! <strong>#HauptsacheSiesindzufrieden!<\/strong><\/p>\n","protected":false},"excerpt":{"rendered":"<p>Wenn Sie diese Seite lesen, sind Sie wahrscheinlich neugierig, wo Riccione ist und was Sie hier entdecken k\u00f6nnten. Wir wurden in Riccione geboren und m\u00f6chten Sie auf einer Entdeckungsreise eines Gebiets begleiten, das wir wie unsere Westentasche kennen! Riccione liegt 12 km von Rimini entfernt direkt an den Str\u00e4nden der Riviera Romagnola an der Adria. Es gilt seit jeher als Ort der Mode, Innovation, Tendenz, des Geschmacks und der Entspannung. &#8230;<\/p>\n","protected":false},"author":4,"featured_media":1220,"parent":0,"menu_order":26,"comment_status":"closed","ping_status":"closed","template":"template\/template.curiosita.php","meta":{"_acf_changed":false},"class_list":["post-1250","page","type-page","status-publish","has-post-thumbnail","hentry"],"acf":[],"_links":{"self":[{"href":"https:\/\/www.campingadria.com\/de\/wp-json\/wp\/v2\/pages\/1250","targetHints":{"allow":["GET"]}}],"collection":[{"href":"https:\/\/www.campingadria.com\/de\/wp-json\/wp\/v2\/pages"}],"about":[{"href":"https:\/\/www.campingadria.com\/de\/wp-json\/wp\/v2\/types\/page"}],"author":[{"embeddable":true,"href":"https:\/\/www.campingadria.com\/de\/wp-json\/wp\/v2\/users\/4"}],"replies":[{"embeddable":true,"href":"https:\/\/www.campingadria.com\/de\/wp-json\/wp\/v2\/comments?post=1250"}],"version-history":[{"count":0,"href":"https:\/\/www.campingadria.com\/de\/wp-json\/wp\/v2\/pages\/1250\/revisions"}],"wp:featuredmedia":[{"embeddable":true,"href":"https:\/\/www.campingadria.com\/de\/wp-json\/wp\/v2\/media\/1220"}],"wp:attachment":[{"href":"https:\/\/www.campingadria.com\/de\/wp-json\/wp\/v2\/media?parent=1250"}],"curies":[{"name":"wp","href":"https:\/\/api.w.org\/{rel}","templated":true}]}}