{"id":1245,"date":"2017-12-12T10:46:04","date_gmt":"2017-12-12T09:46:04","guid":{"rendered":"http:\/\/www.campingadria.com\/campeggi-animali-ammessi\/"},"modified":"2019-01-25T14:20:32","modified_gmt":"2019-01-25T13:20:32","slug":"campingplaetze-haustiere-erlaubt","status":"publish","type":"page","link":"https:\/\/www.campingadria.com\/de\/campingplaetze-haustiere-erlaubt\/","title":{"rendered":"Haben Sie einen Vierbeiner? Bringen Sie ihn mit, wir erwarten Sie in Riccione!"},"content":{"rendered":"<h2>Kommen Sie auf unseren tierliebenden Campingplatz<\/h2>\n<p>Ja, \u201eRex\u201c und \u201eLessie\u201c sind in Riccione willkommen! F\u00fcr sie gibt es zahlreiche Dienste, aber auch einige <strong>\u201eRegeln f\u00fcr ein gutes Zusammenleben\u201c<\/strong> mit den restlichen G\u00e4sten des Campingplatzes.<\/p>\n<p><strong>So stellen wir uns den Steckbrief des perfekten vierbeinigen Gasts vor. Sie k\u00f6nnen ihn mitnehmen, insofern:<\/strong><\/p>\n<ul>\n<li>sein Gesundheitszeugnis vorlegt wird;<\/li>\n<li>Sie ihn nicht unbeaufsichtigt lassen;<\/li>\n<li>er immer an der Leine ist und Sie einen Maulkorb mithaben;<\/li>\n<li>Sie Schaufel und Beutel zum Einsammeln des Hundekots mithaben;<\/li>\n<li>Sie sich darum k\u00fcmmern, dass keine anderen G\u00e4ste gest\u00f6rt werden;<\/li>\n<li>Sie die Regeln f\u00fcr die gemeinsamen Bereiche einhalten, zu denen Hunden der Zutritt verboten ist.<\/li>\n<\/ul>\n<p>Um das friedliche Zusammenleben zu garantieren, behalten wir uns das Recht vor, G\u00e4ste des Campingplatzes zu verweisen, deren Hunde \u00fcbertrieben aggressiv gegen\u00fcber ihren Artgenossen oder Menschen sind. Wir laden alle G\u00e4ste ein, den Hundekot ihrer Tiere einzusammeln; es handelt sich um gute Erziehung und Respekt gegen\u00fcber der Allgemeinheit und der Umwelt und ist aus Anstands- und Hygienegr\u00fcnden geboten. Bei der Ankunft am <strong>Camping Adria<\/strong> schenken wir Ihnen einen <strong>knochenf\u00f6rmigen Beh\u00e4lter mit Hygienebeuteln<\/strong> zum Einsammeln des Hundekots, den Sie bei der Abgabe der Ausweise im B\u00fcro abholen k\u00f6nnen. Damit Ihr Vierbeiner einen m\u00f6glichst angenehmen Aufenthalt genie\u00dfen kann, gibt es auch zwei Auslaufbereiche. Die Bereiche sind eingez\u00e4unt, damit die Tiere sich darin ohne Leine bewegen k\u00f6nnen, es ist allerdings verboten, sie unbeaufsichtigt zu lassen. Und was ist mit der Sauberkeit? Wir haben auch eine spezielle Dusche f\u00fcr sie.<\/p>\n<div id='gallery-1' class='gallery galleryid-1245 gallery-columns-3 gallery-size-medium'><figure class='gallery-item'>\n\t\t\t<div class='gallery-icon landscape'>\n\t\t\t\t<a href='https:\/\/www.campingadria.com\/wp-content\/uploads\/2018\/02\/doggy-1.jpg' data-size=\"1200x675\"><img loading=\"lazy\" decoding=\"async\" width=\"640\" height=\"420\" src=\"https:\/\/www.campingadria.com\/wp-content\/uploads\/2018\/02\/doggy-1-640x420.jpg\" class=\"attachment-medium size-medium\" alt=\"\" \/><\/a>\n\t\t\t<\/div><\/figure><figure class='gallery-item'>\n\t\t\t<div class='gallery-icon landscape'>\n\t\t\t\t<a href='https:\/\/www.campingadria.com\/wp-content\/uploads\/2017\/12\/Gallery-cani-03-Adria-Riccione.jpg' data-size=\"800x500\"><img loading=\"lazy\" decoding=\"async\" width=\"640\" height=\"420\" src=\"https:\/\/www.campingadria.com\/wp-content\/uploads\/2017\/12\/Gallery-cani-03-Adria-Riccione-640x420.jpg\" class=\"attachment-medium size-medium\" alt=\"\" \/><\/a>\n\t\t\t<\/div><\/figure><figure class='gallery-item'>\n\t\t\t<div class='gallery-icon landscape'>\n\t\t\t\t<a href='https:\/\/www.campingadria.com\/wp-content\/uploads\/2017\/12\/Gallery-doccia-per-cani-Adria-Riccione.jpg' data-size=\"800x500\"><img loading=\"lazy\" decoding=\"async\" width=\"640\" height=\"420\" src=\"https:\/\/www.campingadria.com\/wp-content\/uploads\/2017\/12\/Gallery-doccia-per-cani-Adria-Riccione-640x420.jpg\" class=\"attachment-medium size-medium\" alt=\"\" \/><\/a>\n\t\t\t<\/div><\/figure>\n\t\t<\/div>\n\n<p>Aufgrund einer Verf\u00fcgung des Hafenamts von Rimini ist Hunden der Zugang zu allen nicht speziell daf\u00fcr eingerichteten Str\u00e4nden verboten, aber gleich gegen\u00fcber dem Camping Adria finden Sie Strandb\u00e4der, die den Zutritt Ihrer vierbeinigen Freunde erlauben.<br \/>\nInsbesondere weist das nur 150 m vom Campingplatz entfernte <strong>Strandbad Nr. 32<\/strong> eingez\u00e4unte Bereiche mit Sonnenschirmen, Liegen, Hundesch\u00fcssel und Brunnen auf, in denen Ihr Hund sich frei ohne Leine bewegen kann.<\/p>\n<h3>Wir erwarten Sie mit Rex und Lessie f\u00fcr einen wirklich unvergesslichen Urlaub auf dem Campingplatz!<\/h3>\n","protected":false},"excerpt":{"rendered":"<p>Kommen Sie auf unseren tierliebenden Campingplatz Ja, \u201eRex\u201c und \u201eLessie\u201c sind in Riccione willkommen! F\u00fcr sie gibt es zahlreiche Dienste, aber auch einige \u201eRegeln f\u00fcr ein gutes Zusammenleben\u201c mit den restlichen G\u00e4sten des Campingplatzes. So stellen wir uns den Steckbrief des perfekten vierbeinigen Gasts vor. Sie k\u00f6nnen ihn mitnehmen, insofern: sein Gesundheitszeugnis vorlegt wird; Sie ihn nicht unbeaufsichtigt lassen; er immer an der Leine ist und Sie einen Maulkorb mithaben; &#8230;<\/p>\n","protected":false},"author":1,"featured_media":0,"parent":0,"menu_order":74,"comment_status":"closed","ping_status":"closed","template":"","meta":{"_acf_changed":false},"class_list":["post-1245","page","type-page","status-publish","hentry"],"acf":[],"_links":{"self":[{"href":"https:\/\/www.campingadria.com\/de\/wp-json\/wp\/v2\/pages\/1245","targetHints":{"allow":["GET"]}}],"collection":[{"href":"https:\/\/www.campingadria.com\/de\/wp-json\/wp\/v2\/pages"}],"about":[{"href":"https:\/\/www.campingadria.com\/de\/wp-json\/wp\/v2\/types\/page"}],"author":[{"embeddable":true,"href":"https:\/\/www.campingadria.com\/de\/wp-json\/wp\/v2\/users\/1"}],"replies":[{"embeddable":true,"href":"https:\/\/www.campingadria.com\/de\/wp-json\/wp\/v2\/comments?post=1245"}],"version-history":[{"count":0,"href":"https:\/\/www.campingadria.com\/de\/wp-json\/wp\/v2\/pages\/1245\/revisions"}],"wp:attachment":[{"href":"https:\/\/www.campingadria.com\/de\/wp-json\/wp\/v2\/media?parent=1245"}],"curies":[{"name":"wp","href":"https:\/\/api.w.org\/{rel}","templated":true}]}}