{"id":1243,"date":"2017-12-29T10:07:44","date_gmt":"2017-12-29T09:07:44","guid":{"rendered":"http:\/\/www.campingadria.com\/animazione\/"},"modified":"2025-07-02T11:56:52","modified_gmt":"2025-07-02T09:56:52","slug":"animation","status":"publish","type":"page","link":"https:\/\/www.campingadria.com\/de\/animation\/","title":{"rendered":"Camping und Animation: der perfekte Urlaub!"},"content":{"rendered":"<h3>Erleben Sie Emotionen f\u00fcr Kinder und Erwachsene. Sie sind in Riccione<\/h3>\n<p><strong>Willkommen in Ihrer Ferienoase direkt am Meer. Sie sind auf dem Campingplatz! <\/strong><\/p>\n<p>Die Freiheit wird Sie im Urlaub begleiten und mit ihr eine Animation der ganz besonderen Art! Denn was w\u00e4re der Komfort ohne Spa\u00df! <strong>Haben Sie Kinder?<\/strong> Ab Anfang Juni erwarten sie der <strong>Mini Club und Junior Club<\/strong> mit zahlreichen Aktivit\u00e4ten, um Neues zu lernen und sich in Gesellschaft von<strong> Profi-Animateuren<\/strong> zu vergn\u00fcgen. Und danach? Ein wundersch\u00f6ner Spielplatz auf dem Sand mitten in der Natur, wo die Kinder sich in vollkommener Sicherheit austoben k\u00f6nnen. Und f\u00fcr Sie? Ein dichtes Programm an Veranstaltungen und Vergn\u00fcgungsgelegenheiten, auch, wenn Sie kein Kind mehr sind: Fitness, Spiele, Turniere, Gruppent\u00e4nze und <strong>Themenabende<\/strong>! Und am Samstag gibt es Vorf\u00fchrungen, Baby-Disco und Musical Sketches, die Sie sich auf keinen Fall entgehen lassen sollten!<\/p>\n<div id='gallery-1' class='gallery galleryid-1243 gallery-columns-3 gallery-size-medium'><figure class='gallery-item'>\n\t\t\t<div class='gallery-icon landscape'>\n\t\t\t\t<a href='https:\/\/www.campingadria.com\/wp-content\/uploads\/2017\/12\/Gallery-animazione-01-Adria-Riccione.jpg' data-size=\"800x500\"><img loading=\"lazy\" decoding=\"async\" width=\"640\" height=\"420\" src=\"https:\/\/www.campingadria.com\/wp-content\/uploads\/2017\/12\/Gallery-animazione-01-Adria-Riccione-640x420.jpg\" class=\"attachment-medium size-medium\" alt=\"\" \/><\/a>\n\t\t\t<\/div><\/figure><figure class='gallery-item'>\n\t\t\t<div class='gallery-icon landscape'>\n\t\t\t\t<a href='https:\/\/www.campingadria.com\/wp-content\/uploads\/2017\/12\/Gallery-animazione-02-Adria-Riccione.jpg' data-size=\"800x500\"><img loading=\"lazy\" decoding=\"async\" width=\"640\" height=\"420\" src=\"https:\/\/www.campingadria.com\/wp-content\/uploads\/2017\/12\/Gallery-animazione-02-Adria-Riccione-640x420.jpg\" class=\"attachment-medium size-medium\" alt=\"\" \/><\/a>\n\t\t\t<\/div><\/figure><figure class='gallery-item'>\n\t\t\t<div class='gallery-icon landscape'>\n\t\t\t\t<a href='https:\/\/www.campingadria.com\/wp-content\/uploads\/2017\/12\/Gallery-animazione-03-Adria-Riccione.jpg' data-size=\"800x500\"><img loading=\"lazy\" decoding=\"async\" width=\"640\" height=\"420\" src=\"https:\/\/www.campingadria.com\/wp-content\/uploads\/2017\/12\/Gallery-animazione-03-Adria-Riccione-640x420.jpg\" class=\"attachment-medium size-medium\" alt=\"\" \/><\/a>\n\t\t\t<\/div><\/figure>\n\t\t<\/div>\n\n<p>Und wenn Ihnen das alles noch nicht reicht, k\u00f6nnen Sie in Riccione zahlreiche Themenparks und sehenswerte malerische St\u00e4dtchen besichtigen! Warum sollten Sie sich mit einem beliebigen Urlaub begn\u00fcgen, wenn Sie den Urlaub w\u00e4hlen k\u00f6nnen, von dem Sie schon immer getr\u00e4umt haben?<\/p>\n<h3>Wir erwarten Sie im Herzen von Riccione, direkt am Meer!<\/h3>\n","protected":false},"excerpt":{"rendered":"<p>Erleben Sie Emotionen f\u00fcr Kinder und Erwachsene. Sie sind in Riccione Willkommen in Ihrer Ferienoase direkt am Meer. Sie sind auf dem Campingplatz! Die Freiheit wird Sie im Urlaub begleiten und mit ihr eine Animation der ganz besonderen Art! Denn was w\u00e4re der Komfort ohne Spa\u00df! Haben Sie Kinder? Ab Anfang Juni erwarten sie der Mini Club und Junior Club mit zahlreichen Aktivit\u00e4ten, um Neues zu lernen und sich in &#8230;<\/p>\n","protected":false},"author":1,"featured_media":0,"parent":0,"menu_order":48,"comment_status":"closed","ping_status":"closed","template":"","meta":{"_acf_changed":false},"class_list":["post-1243","page","type-page","status-publish","hentry"],"acf":[],"_links":{"self":[{"href":"https:\/\/www.campingadria.com\/de\/wp-json\/wp\/v2\/pages\/1243","targetHints":{"allow":["GET"]}}],"collection":[{"href":"https:\/\/www.campingadria.com\/de\/wp-json\/wp\/v2\/pages"}],"about":[{"href":"https:\/\/www.campingadria.com\/de\/wp-json\/wp\/v2\/types\/page"}],"author":[{"embeddable":true,"href":"https:\/\/www.campingadria.com\/de\/wp-json\/wp\/v2\/users\/1"}],"replies":[{"embeddable":true,"href":"https:\/\/www.campingadria.com\/de\/wp-json\/wp\/v2\/comments?post=1243"}],"version-history":[{"count":0,"href":"https:\/\/www.campingadria.com\/de\/wp-json\/wp\/v2\/pages\/1243\/revisions"}],"wp:attachment":[{"href":"https:\/\/www.campingadria.com\/de\/wp-json\/wp\/v2\/media?parent=1243"}],"curies":[{"name":"wp","href":"https:\/\/api.w.org\/{rel}","templated":true}]}}